{"id":570,"date":"2023-04-04T06:39:31","date_gmt":"2023-04-04T06:39:31","guid":{"rendered":"https:\/\/orienthaispa.provesonlinevalles.com\/?post_type=product&#038;p=570"},"modified":"2024-10-29T09:22:41","modified_gmt":"2024-10-29T08:22:41","slug":"pack-spa-orienthai-infinity","status":"publish","type":"product","link":"https:\/\/orienthaispa.provesonlinevalles.com\/ca\/producte\/pack-spa-orienthai-infinity\/","title":{"rendered":"Pack Spa Orienthai Infinity"},"content":{"rendered":"","protected":false},"excerpt":{"rendered":"<p>Banyera Hidromassatge + Harmony foot 30 + Massatge a escollir de 60<\/p>\n<p>Infinita relaxaci\u00f3 on es combina la hidromassatge, alliberant les tensions i preocupacions di\u00e0ries. Aquesta experi\u00e8ncia canviar\u00e0 la teva expressi\u00f3 de la cara.<\/p>\n<div class=\"descripcion\">\n<div class=\"tiemposPrecio\">\n<ul>\n<li>120 min \/ 125 \u20ac<\/li>\n<\/ul>\n<\/div>\n<\/div>","protected":false},"featured_media":1086,"template":"","meta":{"_kad_blocks_custom_css":"","_kad_blocks_head_custom_js":"","_kad_blocks_body_custom_js":"","_kad_blocks_footer_custom_js":"","_kad_post_transparent":"default","_kad_post_title":"","_kad_post_layout":"default","_kad_post_sidebar_id":"","_kad_post_content_style":"default","_kad_post_vertical_padding":"default","_kad_post_feature":"","_kad_post_feature_position":"","_kad_post_header":false,"_kad_post_footer":false,"_kad_post_classname":"","_joinchat":[]},"product_brand":[],"product_cat":[25],"product_tag":[],"class_list":{"0":"post-570","1":"product","2":"type-product","3":"status-publish","4":"has-post-thumbnail","6":"product_cat-rituales","8":"first","9":"instock","10":"shipping-taxable","11":"purchasable","12":"product-type-variable","13":"entry","14":"content-bg","15":"loop-entry"},"yoast_head":"<!-- This site is optimized with the Yoast SEO plugin v27.5 - https:\/\/yoast.com\/product\/yoast-seo-wordpress\/ -->\n<title>Pack Spa Orienthai Infinity - Orienthai Spa<\/title>\n<meta name=\"robots\" content=\"noindex, follow, max-snippet:-1, max-image-preview:large, max-video-preview:-1\" \/>\n<meta property=\"og:locale\" content=\"ca_ES\" \/>\n<meta property=\"og:type\" content=\"article\" \/>\n<meta property=\"og:title\" content=\"Pack Spa Orienthai Infinity - Orienthai Spa\" \/>\n<meta property=\"og:description\" content=\"Ba\u00f1era Hidromasaje + Harmony foot 30 + Masaje a elegir de 60  Infinita relajaci\u00f3n donde se combina la hidromasaje, liberando las tensiones y preocupaciones diarias. Esta experiencia cambiara tu expresi\u00f3n de tu cara.     120 min \/ 125\u20ac\" \/>\n<meta property=\"og:url\" content=\"https:\/\/orienthaispa.provesonlinevalles.com\/ca\/producte\/pack-spa-orienthai-infinity\/\" \/>\n<meta property=\"og:site_name\" content=\"Orienthai Spa\" \/>\n<meta property=\"article:modified_time\" content=\"2024-10-29T08:22:41+00:00\" \/>\n<meta property=\"og:image\" content=\"https:\/\/orienthaispa.provesonlinevalles.com\/wp-content\/uploads\/2023\/09\/N5A0501.jpg\" \/>\n\t<meta property=\"og:image:width\" content=\"1800\" \/>\n\t<meta property=\"og:image:height\" content=\"1085\" \/>\n\t<meta property=\"og:image:type\" content=\"image\/jpeg\" \/>\n<meta name=\"twitter:card\" content=\"summary_large_image\" \/>\n<meta name=\"twitter:label1\" content=\"Temps estimat de lectura\" \/>\n\t<meta name=\"twitter:data1\" content=\"1 minut\" \/>\n<script type=\"application\/ld+json\" class=\"yoast-schema-graph\">{\"@context\":\"https:\\\/\\\/schema.org\",\"@graph\":[{\"@type\":\"WebPage\",\"@id\":\"https:\\\/\\\/orienthaispa.provesonlinevalles.com\\\/producto\\\/pack-spa-orienthai-infinity\\\/\",\"url\":\"https:\\\/\\\/orienthaispa.provesonlinevalles.com\\\/producto\\\/pack-spa-orienthai-infinity\\\/\",\"name\":\"Pack Spa Orienthai Infinity - Orienthai Spa\",\"isPartOf\":{\"@id\":\"https:\\\/\\\/orienthaispa.provesonlinevalles.com\\\/#website\"},\"primaryImageOfPage\":{\"@id\":\"https:\\\/\\\/orienthaispa.provesonlinevalles.com\\\/producto\\\/pack-spa-orienthai-infinity\\\/#primaryimage\"},\"image\":{\"@id\":\"https:\\\/\\\/orienthaispa.provesonlinevalles.com\\\/producto\\\/pack-spa-orienthai-infinity\\\/#primaryimage\"},\"thumbnailUrl\":\"https:\\\/\\\/orienthaispa.provesonlinevalles.com\\\/wp-content\\\/uploads\\\/2023\\\/09\\\/N5A0501.jpg\",\"datePublished\":\"2023-04-04T06:39:31+00:00\",\"dateModified\":\"2024-10-29T08:22:41+00:00\",\"breadcrumb\":{\"@id\":\"https:\\\/\\\/orienthaispa.provesonlinevalles.com\\\/producto\\\/pack-spa-orienthai-infinity\\\/#breadcrumb\"},\"inLanguage\":\"ca\",\"potentialAction\":[{\"@type\":\"ReadAction\",\"target\":[\"https:\\\/\\\/orienthaispa.provesonlinevalles.com\\\/producto\\\/pack-spa-orienthai-infinity\\\/\"]}]},{\"@type\":\"ImageObject\",\"inLanguage\":\"ca\",\"@id\":\"https:\\\/\\\/orienthaispa.provesonlinevalles.com\\\/producto\\\/pack-spa-orienthai-infinity\\\/#primaryimage\",\"url\":\"https:\\\/\\\/orienthaispa.provesonlinevalles.com\\\/wp-content\\\/uploads\\\/2023\\\/09\\\/N5A0501.jpg\",\"contentUrl\":\"https:\\\/\\\/orienthaispa.provesonlinevalles.com\\\/wp-content\\\/uploads\\\/2023\\\/09\\\/N5A0501.jpg\",\"width\":1800,\"height\":1085},{\"@type\":\"BreadcrumbList\",\"@id\":\"https:\\\/\\\/orienthaispa.provesonlinevalles.com\\\/producto\\\/pack-spa-orienthai-infinity\\\/#breadcrumb\",\"itemListElement\":[{\"@type\":\"ListItem\",\"position\":1,\"name\":\"Portada\",\"item\":\"https:\\\/\\\/orienthaispa.provesonlinevalles.com\\\/\"},{\"@type\":\"ListItem\",\"position\":2,\"name\":\"Tienda\",\"item\":\"https:\\\/\\\/orienthaispa.provesonlinevalles.com\\\/tienda\\\/\"},{\"@type\":\"ListItem\",\"position\":3,\"name\":\"Pack Spa Orienthai Infinity\"}]},{\"@type\":\"WebSite\",\"@id\":\"https:\\\/\\\/orienthaispa.provesonlinevalles.com\\\/#website\",\"url\":\"https:\\\/\\\/orienthaispa.provesonlinevalles.com\\\/\",\"name\":\"Orienthai Spa\",\"description\":\"Centro de Masajes Tailandeses y Spa en Sabadell\",\"publisher\":{\"@id\":\"https:\\\/\\\/orienthaispa.provesonlinevalles.com\\\/#organization\"},\"potentialAction\":[{\"@type\":\"SearchAction\",\"target\":{\"@type\":\"EntryPoint\",\"urlTemplate\":\"https:\\\/\\\/orienthaispa.provesonlinevalles.com\\\/?s={search_term_string}\"},\"query-input\":{\"@type\":\"PropertyValueSpecification\",\"valueRequired\":true,\"valueName\":\"search_term_string\"}}],\"inLanguage\":\"ca\"},{\"@type\":\"Organization\",\"@id\":\"https:\\\/\\\/orienthaispa.provesonlinevalles.com\\\/#organization\",\"name\":\"Orienthai Spa\",\"url\":\"https:\\\/\\\/orienthaispa.provesonlinevalles.com\\\/\",\"logo\":{\"@type\":\"ImageObject\",\"inLanguage\":\"ca\",\"@id\":\"https:\\\/\\\/orienthaispa.provesonlinevalles.com\\\/#\\\/schema\\\/logo\\\/image\\\/\",\"url\":\"https:\\\/\\\/orienthaispa.provesonlinevalles.com\\\/wp-content\\\/uploads\\\/2023\\\/03\\\/logo-orienthai-spa-300.png\",\"contentUrl\":\"https:\\\/\\\/orienthaispa.provesonlinevalles.com\\\/wp-content\\\/uploads\\\/2023\\\/03\\\/logo-orienthai-spa-300.png\",\"width\":300,\"height\":116,\"caption\":\"Orienthai Spa\"},\"image\":{\"@id\":\"https:\\\/\\\/orienthaispa.provesonlinevalles.com\\\/#\\\/schema\\\/logo\\\/image\\\/\"}}]}<\/script>\n<!-- \/ Yoast SEO plugin. -->","yoast_head_json":{"title":"Pack Spa Orienthai Infinity - Orienthai Spa","robots":{"index":"noindex","follow":"follow","max-snippet":"max-snippet:-1","max-image-preview":"max-image-preview:large","max-video-preview":"max-video-preview:-1"},"og_locale":"ca_ES","og_type":"article","og_title":"Pack Spa Orienthai Infinity - Orienthai Spa","og_description":"Ba\u00f1era Hidromasaje + Harmony foot 30 + Masaje a elegir de 60  Infinita relajaci\u00f3n donde se combina la hidromasaje, liberando las tensiones y preocupaciones diarias. Esta experiencia cambiara tu expresi\u00f3n de tu cara.     120 min \/ 125\u20ac","og_url":"https:\/\/orienthaispa.provesonlinevalles.com\/ca\/producte\/pack-spa-orienthai-infinity\/","og_site_name":"Orienthai Spa","article_modified_time":"2024-10-29T08:22:41+00:00","og_image":[{"width":1800,"height":1085,"url":"https:\/\/orienthaispa.provesonlinevalles.com\/wp-content\/uploads\/2023\/09\/N5A0501.jpg","type":"image\/jpeg"}],"twitter_card":"summary_large_image","twitter_misc":{"Temps estimat de lectura":"1 minut"},"schema":{"@context":"https:\/\/schema.org","@graph":[{"@type":"WebPage","@id":"https:\/\/orienthaispa.provesonlinevalles.com\/producto\/pack-spa-orienthai-infinity\/","url":"https:\/\/orienthaispa.provesonlinevalles.com\/producto\/pack-spa-orienthai-infinity\/","name":"Pack Spa Orienthai Infinity - Orienthai Spa","isPartOf":{"@id":"https:\/\/orienthaispa.provesonlinevalles.com\/#website"},"primaryImageOfPage":{"@id":"https:\/\/orienthaispa.provesonlinevalles.com\/producto\/pack-spa-orienthai-infinity\/#primaryimage"},"image":{"@id":"https:\/\/orienthaispa.provesonlinevalles.com\/producto\/pack-spa-orienthai-infinity\/#primaryimage"},"thumbnailUrl":"https:\/\/orienthaispa.provesonlinevalles.com\/wp-content\/uploads\/2023\/09\/N5A0501.jpg","datePublished":"2023-04-04T06:39:31+00:00","dateModified":"2024-10-29T08:22:41+00:00","breadcrumb":{"@id":"https:\/\/orienthaispa.provesonlinevalles.com\/producto\/pack-spa-orienthai-infinity\/#breadcrumb"},"inLanguage":"ca","potentialAction":[{"@type":"ReadAction","target":["https:\/\/orienthaispa.provesonlinevalles.com\/producto\/pack-spa-orienthai-infinity\/"]}]},{"@type":"ImageObject","inLanguage":"ca","@id":"https:\/\/orienthaispa.provesonlinevalles.com\/producto\/pack-spa-orienthai-infinity\/#primaryimage","url":"https:\/\/orienthaispa.provesonlinevalles.com\/wp-content\/uploads\/2023\/09\/N5A0501.jpg","contentUrl":"https:\/\/orienthaispa.provesonlinevalles.com\/wp-content\/uploads\/2023\/09\/N5A0501.jpg","width":1800,"height":1085},{"@type":"BreadcrumbList","@id":"https:\/\/orienthaispa.provesonlinevalles.com\/producto\/pack-spa-orienthai-infinity\/#breadcrumb","itemListElement":[{"@type":"ListItem","position":1,"name":"Portada","item":"https:\/\/orienthaispa.provesonlinevalles.com\/"},{"@type":"ListItem","position":2,"name":"Tienda","item":"https:\/\/orienthaispa.provesonlinevalles.com\/tienda\/"},{"@type":"ListItem","position":3,"name":"Pack Spa Orienthai Infinity"}]},{"@type":"WebSite","@id":"https:\/\/orienthaispa.provesonlinevalles.com\/#website","url":"https:\/\/orienthaispa.provesonlinevalles.com\/","name":"Orienthai Spa","description":"Centre de Massatges Tailandesos i Spa a Sabadell","publisher":{"@id":"https:\/\/orienthaispa.provesonlinevalles.com\/#organization"},"potentialAction":[{"@type":"SearchAction","target":{"@type":"EntryPoint","urlTemplate":"https:\/\/orienthaispa.provesonlinevalles.com\/?s={search_term_string}"},"query-input":{"@type":"PropertyValueSpecification","valueRequired":true,"valueName":"search_term_string"}}],"inLanguage":"ca"},{"@type":"Organization","@id":"https:\/\/orienthaispa.provesonlinevalles.com\/#organization","name":"Orienthai Spa","url":"https:\/\/orienthaispa.provesonlinevalles.com\/","logo":{"@type":"ImageObject","inLanguage":"ca","@id":"https:\/\/orienthaispa.provesonlinevalles.com\/#\/schema\/logo\/image\/","url":"https:\/\/orienthaispa.provesonlinevalles.com\/wp-content\/uploads\/2023\/03\/logo-orienthai-spa-300.png","contentUrl":"https:\/\/orienthaispa.provesonlinevalles.com\/wp-content\/uploads\/2023\/03\/logo-orienthai-spa-300.png","width":300,"height":116,"caption":"Orienthai Spa"},"image":{"@id":"https:\/\/orienthaispa.provesonlinevalles.com\/#\/schema\/logo\/image\/"}}]}},"taxonomy_info":{"product_cat":[{"value":25,"label":"Rituales"}]},"featured_image_src_large":["https:\/\/orienthaispa.provesonlinevalles.com\/wp-content\/uploads\/2023\/09\/N5A0501-1024x617.jpg",1024,617,true],"author_info":[],"comment_info":"","_links":{"self":[{"href":"https:\/\/orienthaispa.provesonlinevalles.com\/ca\/wp-json\/wp\/v2\/product\/570","targetHints":{"allow":["GET"]}}],"collection":[{"href":"https:\/\/orienthaispa.provesonlinevalles.com\/ca\/wp-json\/wp\/v2\/product"}],"about":[{"href":"https:\/\/orienthaispa.provesonlinevalles.com\/ca\/wp-json\/wp\/v2\/types\/product"}],"wp:featuredmedia":[{"embeddable":true,"href":"https:\/\/orienthaispa.provesonlinevalles.com\/ca\/wp-json\/wp\/v2\/media\/1086"}],"wp:attachment":[{"href":"https:\/\/orienthaispa.provesonlinevalles.com\/ca\/wp-json\/wp\/v2\/media?parent=570"}],"wp:term":[{"taxonomy":"product_brand","embeddable":true,"href":"https:\/\/orienthaispa.provesonlinevalles.com\/ca\/wp-json\/wp\/v2\/product_brand?post=570"},{"taxonomy":"product_cat","embeddable":true,"href":"https:\/\/orienthaispa.provesonlinevalles.com\/ca\/wp-json\/wp\/v2\/product_cat?post=570"},{"taxonomy":"product_tag","embeddable":true,"href":"https:\/\/orienthaispa.provesonlinevalles.com\/ca\/wp-json\/wp\/v2\/product_tag?post=570"}],"curies":[{"name":"wp","href":"https:\/\/api.w.org\/{rel}","templated":true}]}}