{"id":473,"date":"2023-04-03T11:19:59","date_gmt":"2023-04-03T11:19:59","guid":{"rendered":"https:\/\/orienthaispa.provesonlinevalles.com\/?post_type=product&#038;p=473"},"modified":"2024-10-29T10:04:37","modified_gmt":"2024-10-29T09:04:37","slug":"masaje-tradicional-thai","status":"publish","type":"product","link":"https:\/\/orienthaispa.provesonlinevalles.com\/ca\/producte\/masaje-tradicional-thai\/","title":{"rendered":"Massatge Tradicional Thai"},"content":{"rendered":"","protected":false},"excerpt":{"rendered":"<p>Es realitza sobre Tatami sense olis i amb roba c\u00f2moda que proporciona Orienthai Spa<\/p>\n<p>T\u00e8cnica desenvolupada a partir d&#039;estiraments, introdu\u00efda a Tail\u00e0ndia des de l&#039;\u00cdndia fa m\u00e9s de 2500 anys. Apliquem pressions sobre el cos, utilitzant l&#039;\u00fas de dits, palmells de la m\u00e0, colzes, genolls i peus. Un cert conjunt de posicions \u00faniques produeix uns beneficis saludables. Estimula el flux denergia interna, millorant la flexibilitat i incrementant la vitalitat. Es fa sobre tatami, sense olis i amb roba c\u00f2moda que proporciona Orienthai Spa.<\/p>\n<ul>\n<li>60 min \/ 59 \u20ac<\/li>\n<li>90 min \/ 89 \u20ac<\/li>\n<\/ul>","protected":false},"featured_media":1381,"template":"","meta":{"_kad_blocks_custom_css":"","_kad_blocks_head_custom_js":"","_kad_blocks_body_custom_js":"","_kad_blocks_footer_custom_js":"","_kad_post_transparent":"default","_kad_post_title":"","_kad_post_layout":"default","_kad_post_sidebar_id":"","_kad_post_content_style":"default","_kad_post_vertical_padding":"default","_kad_post_feature":"","_kad_post_feature_position":"","_kad_post_header":false,"_kad_post_footer":false,"_kad_post_classname":"","_joinchat":[]},"product_brand":[],"product_cat":[19],"product_tag":[],"class_list":{"0":"post-473","1":"product","2":"type-product","3":"status-publish","4":"has-post-thumbnail","6":"product_cat-masajes-del-mundo","8":"first","9":"instock","10":"shipping-taxable","11":"purchasable","12":"product-type-variable","13":"entry","14":"content-bg","15":"loop-entry"},"yoast_head":"<!-- This site is optimized with the Yoast SEO plugin v27.5 - https:\/\/yoast.com\/product\/yoast-seo-wordpress\/ -->\n<title>Masaje Tradicional Thai - Orienthai Spa<\/title>\n<meta name=\"robots\" content=\"noindex, follow, max-snippet:-1, max-image-preview:large, max-video-preview:-1\" \/>\n<meta property=\"og:locale\" content=\"ca_ES\" \/>\n<meta property=\"og:type\" content=\"article\" \/>\n<meta property=\"og:title\" content=\"Masaje Tradicional Thai - Orienthai Spa\" \/>\n<meta property=\"og:description\" content=\"Se realiza sobre Tatami sin aceites y con ropa c\u00f3moda que proporciona Orienthai Spa  T\u00e9cnica desarrollada a partir de estiramientos, introducida en Tailandia desde la India hace m\u00e1s de 2500 a\u00f1os. Aplicamos presiones sobre el cuerpo, utilizando el uso de dedos, palmas de la mano, codos, rodillas y pies. Un cierto conjunto de posiciones \u00fanicas, produce unos beneficios saludables. Estimula el flujo de energ\u00eda interna, mejorando la flexibilidad e incrementando la vitalidad. Se realiza sobre tatami, sin aceites y con ropa c\u00f3moda que proporciona Orienthai Spa.   60 min \/ 59\u20ac  90 min \/ 89\u20ac\" \/>\n<meta property=\"og:url\" content=\"https:\/\/orienthaispa.provesonlinevalles.com\/ca\/producte\/masaje-tradicional-thai\/\" \/>\n<meta property=\"og:site_name\" content=\"Orienthai Spa\" \/>\n<meta property=\"article:modified_time\" content=\"2024-10-29T09:04:37+00:00\" \/>\n<meta property=\"og:image\" content=\"https:\/\/orienthaispa.provesonlinevalles.com\/wp-content\/uploads\/2023\/09\/N5A1079.jpg\" \/>\n\t<meta property=\"og:image:width\" content=\"1279\" \/>\n\t<meta property=\"og:image:height\" content=\"1200\" \/>\n\t<meta property=\"og:image:type\" content=\"image\/jpeg\" \/>\n<meta name=\"twitter:card\" content=\"summary_large_image\" \/>\n<meta name=\"twitter:label1\" content=\"Temps estimat de lectura\" \/>\n\t<meta name=\"twitter:data1\" content=\"1 minut\" \/>\n<script type=\"application\/ld+json\" class=\"yoast-schema-graph\">{\"@context\":\"https:\\\/\\\/schema.org\",\"@graph\":[{\"@type\":\"WebPage\",\"@id\":\"https:\\\/\\\/orienthaispa.provesonlinevalles.com\\\/producto\\\/masaje-tradicional-thai\\\/\",\"url\":\"https:\\\/\\\/orienthaispa.provesonlinevalles.com\\\/producto\\\/masaje-tradicional-thai\\\/\",\"name\":\"Masaje Tradicional Thai - Orienthai Spa\",\"isPartOf\":{\"@id\":\"https:\\\/\\\/orienthaispa.provesonlinevalles.com\\\/#website\"},\"primaryImageOfPage\":{\"@id\":\"https:\\\/\\\/orienthaispa.provesonlinevalles.com\\\/producto\\\/masaje-tradicional-thai\\\/#primaryimage\"},\"image\":{\"@id\":\"https:\\\/\\\/orienthaispa.provesonlinevalles.com\\\/producto\\\/masaje-tradicional-thai\\\/#primaryimage\"},\"thumbnailUrl\":\"https:\\\/\\\/orienthaispa.provesonlinevalles.com\\\/wp-content\\\/uploads\\\/2023\\\/09\\\/N5A1079.jpg\",\"datePublished\":\"2023-04-03T11:19:59+00:00\",\"dateModified\":\"2024-10-29T09:04:37+00:00\",\"breadcrumb\":{\"@id\":\"https:\\\/\\\/orienthaispa.provesonlinevalles.com\\\/producto\\\/masaje-tradicional-thai\\\/#breadcrumb\"},\"inLanguage\":\"ca\",\"potentialAction\":[{\"@type\":\"ReadAction\",\"target\":[\"https:\\\/\\\/orienthaispa.provesonlinevalles.com\\\/producto\\\/masaje-tradicional-thai\\\/\"]}]},{\"@type\":\"ImageObject\",\"inLanguage\":\"ca\",\"@id\":\"https:\\\/\\\/orienthaispa.provesonlinevalles.com\\\/producto\\\/masaje-tradicional-thai\\\/#primaryimage\",\"url\":\"https:\\\/\\\/orienthaispa.provesonlinevalles.com\\\/wp-content\\\/uploads\\\/2023\\\/09\\\/N5A1079.jpg\",\"contentUrl\":\"https:\\\/\\\/orienthaispa.provesonlinevalles.com\\\/wp-content\\\/uploads\\\/2023\\\/09\\\/N5A1079.jpg\",\"width\":1279,\"height\":1200},{\"@type\":\"BreadcrumbList\",\"@id\":\"https:\\\/\\\/orienthaispa.provesonlinevalles.com\\\/producto\\\/masaje-tradicional-thai\\\/#breadcrumb\",\"itemListElement\":[{\"@type\":\"ListItem\",\"position\":1,\"name\":\"Portada\",\"item\":\"https:\\\/\\\/orienthaispa.provesonlinevalles.com\\\/\"},{\"@type\":\"ListItem\",\"position\":2,\"name\":\"Tienda\",\"item\":\"https:\\\/\\\/orienthaispa.provesonlinevalles.com\\\/tienda\\\/\"},{\"@type\":\"ListItem\",\"position\":3,\"name\":\"Masaje Tradicional Thai\"}]},{\"@type\":\"WebSite\",\"@id\":\"https:\\\/\\\/orienthaispa.provesonlinevalles.com\\\/#website\",\"url\":\"https:\\\/\\\/orienthaispa.provesonlinevalles.com\\\/\",\"name\":\"Orienthai Spa\",\"description\":\"Centro de Masajes Tailandeses y Spa en Sabadell\",\"publisher\":{\"@id\":\"https:\\\/\\\/orienthaispa.provesonlinevalles.com\\\/#organization\"},\"potentialAction\":[{\"@type\":\"SearchAction\",\"target\":{\"@type\":\"EntryPoint\",\"urlTemplate\":\"https:\\\/\\\/orienthaispa.provesonlinevalles.com\\\/?s={search_term_string}\"},\"query-input\":{\"@type\":\"PropertyValueSpecification\",\"valueRequired\":true,\"valueName\":\"search_term_string\"}}],\"inLanguage\":\"ca\"},{\"@type\":\"Organization\",\"@id\":\"https:\\\/\\\/orienthaispa.provesonlinevalles.com\\\/#organization\",\"name\":\"Orienthai Spa\",\"url\":\"https:\\\/\\\/orienthaispa.provesonlinevalles.com\\\/\",\"logo\":{\"@type\":\"ImageObject\",\"inLanguage\":\"ca\",\"@id\":\"https:\\\/\\\/orienthaispa.provesonlinevalles.com\\\/#\\\/schema\\\/logo\\\/image\\\/\",\"url\":\"https:\\\/\\\/orienthaispa.provesonlinevalles.com\\\/wp-content\\\/uploads\\\/2023\\\/03\\\/logo-orienthai-spa-300.png\",\"contentUrl\":\"https:\\\/\\\/orienthaispa.provesonlinevalles.com\\\/wp-content\\\/uploads\\\/2023\\\/03\\\/logo-orienthai-spa-300.png\",\"width\":300,\"height\":116,\"caption\":\"Orienthai Spa\"},\"image\":{\"@id\":\"https:\\\/\\\/orienthaispa.provesonlinevalles.com\\\/#\\\/schema\\\/logo\\\/image\\\/\"}}]}<\/script>\n<!-- \/ Yoast SEO plugin. -->","yoast_head_json":{"title":"Massatge Tradicional Thai - Orienthai Spa","robots":{"index":"noindex","follow":"follow","max-snippet":"max-snippet:-1","max-image-preview":"max-image-preview:large","max-video-preview":"max-video-preview:-1"},"og_locale":"ca_ES","og_type":"article","og_title":"Masaje Tradicional Thai - Orienthai Spa","og_description":"Se realiza sobre Tatami sin aceites y con ropa c\u00f3moda que proporciona Orienthai Spa  T\u00e9cnica desarrollada a partir de estiramientos, introducida en Tailandia desde la India hace m\u00e1s de 2500 a\u00f1os. Aplicamos presiones sobre el cuerpo, utilizando el uso de dedos, palmas de la mano, codos, rodillas y pies. Un cierto conjunto de posiciones \u00fanicas, produce unos beneficios saludables. Estimula el flujo de energ\u00eda interna, mejorando la flexibilidad e incrementando la vitalidad. Se realiza sobre tatami, sin aceites y con ropa c\u00f3moda que proporciona Orienthai Spa.   60 min \/ 59\u20ac  90 min \/ 89\u20ac","og_url":"https:\/\/orienthaispa.provesonlinevalles.com\/ca\/producte\/masaje-tradicional-thai\/","og_site_name":"Orienthai Spa","article_modified_time":"2024-10-29T09:04:37+00:00","og_image":[{"width":1279,"height":1200,"url":"https:\/\/orienthaispa.provesonlinevalles.com\/wp-content\/uploads\/2023\/09\/N5A1079.jpg","type":"image\/jpeg"}],"twitter_card":"summary_large_image","twitter_misc":{"Temps estimat de lectura":"1 minut"},"schema":{"@context":"https:\/\/schema.org","@graph":[{"@type":"WebPage","@id":"https:\/\/orienthaispa.provesonlinevalles.com\/producto\/masaje-tradicional-thai\/","url":"https:\/\/orienthaispa.provesonlinevalles.com\/producto\/masaje-tradicional-thai\/","name":"Massatge Tradicional Thai - Orienthai Spa","isPartOf":{"@id":"https:\/\/orienthaispa.provesonlinevalles.com\/#website"},"primaryImageOfPage":{"@id":"https:\/\/orienthaispa.provesonlinevalles.com\/producto\/masaje-tradicional-thai\/#primaryimage"},"image":{"@id":"https:\/\/orienthaispa.provesonlinevalles.com\/producto\/masaje-tradicional-thai\/#primaryimage"},"thumbnailUrl":"https:\/\/orienthaispa.provesonlinevalles.com\/wp-content\/uploads\/2023\/09\/N5A1079.jpg","datePublished":"2023-04-03T11:19:59+00:00","dateModified":"2024-10-29T09:04:37+00:00","breadcrumb":{"@id":"https:\/\/orienthaispa.provesonlinevalles.com\/producto\/masaje-tradicional-thai\/#breadcrumb"},"inLanguage":"ca","potentialAction":[{"@type":"ReadAction","target":["https:\/\/orienthaispa.provesonlinevalles.com\/producto\/masaje-tradicional-thai\/"]}]},{"@type":"ImageObject","inLanguage":"ca","@id":"https:\/\/orienthaispa.provesonlinevalles.com\/producto\/masaje-tradicional-thai\/#primaryimage","url":"https:\/\/orienthaispa.provesonlinevalles.com\/wp-content\/uploads\/2023\/09\/N5A1079.jpg","contentUrl":"https:\/\/orienthaispa.provesonlinevalles.com\/wp-content\/uploads\/2023\/09\/N5A1079.jpg","width":1279,"height":1200},{"@type":"BreadcrumbList","@id":"https:\/\/orienthaispa.provesonlinevalles.com\/producto\/masaje-tradicional-thai\/#breadcrumb","itemListElement":[{"@type":"ListItem","position":1,"name":"Portada","item":"https:\/\/orienthaispa.provesonlinevalles.com\/"},{"@type":"ListItem","position":2,"name":"Tienda","item":"https:\/\/orienthaispa.provesonlinevalles.com\/tienda\/"},{"@type":"ListItem","position":3,"name":"Masaje Tradicional Thai"}]},{"@type":"WebSite","@id":"https:\/\/orienthaispa.provesonlinevalles.com\/#website","url":"https:\/\/orienthaispa.provesonlinevalles.com\/","name":"Orienthai Spa","description":"Centre de Massatges Tailandesos i Spa a Sabadell","publisher":{"@id":"https:\/\/orienthaispa.provesonlinevalles.com\/#organization"},"potentialAction":[{"@type":"SearchAction","target":{"@type":"EntryPoint","urlTemplate":"https:\/\/orienthaispa.provesonlinevalles.com\/?s={search_term_string}"},"query-input":{"@type":"PropertyValueSpecification","valueRequired":true,"valueName":"search_term_string"}}],"inLanguage":"ca"},{"@type":"Organization","@id":"https:\/\/orienthaispa.provesonlinevalles.com\/#organization","name":"Orienthai Spa","url":"https:\/\/orienthaispa.provesonlinevalles.com\/","logo":{"@type":"ImageObject","inLanguage":"ca","@id":"https:\/\/orienthaispa.provesonlinevalles.com\/#\/schema\/logo\/image\/","url":"https:\/\/orienthaispa.provesonlinevalles.com\/wp-content\/uploads\/2023\/03\/logo-orienthai-spa-300.png","contentUrl":"https:\/\/orienthaispa.provesonlinevalles.com\/wp-content\/uploads\/2023\/03\/logo-orienthai-spa-300.png","width":300,"height":116,"caption":"Orienthai Spa"},"image":{"@id":"https:\/\/orienthaispa.provesonlinevalles.com\/#\/schema\/logo\/image\/"}}]}},"taxonomy_info":{"product_cat":[{"value":19,"label":"Masajes del Mundo"}]},"featured_image_src_large":["https:\/\/orienthaispa.provesonlinevalles.com\/wp-content\/uploads\/2023\/09\/N5A1079-1024x961.jpg",1024,961,true],"author_info":[],"comment_info":"","_links":{"self":[{"href":"https:\/\/orienthaispa.provesonlinevalles.com\/ca\/wp-json\/wp\/v2\/product\/473","targetHints":{"allow":["GET"]}}],"collection":[{"href":"https:\/\/orienthaispa.provesonlinevalles.com\/ca\/wp-json\/wp\/v2\/product"}],"about":[{"href":"https:\/\/orienthaispa.provesonlinevalles.com\/ca\/wp-json\/wp\/v2\/types\/product"}],"wp:featuredmedia":[{"embeddable":true,"href":"https:\/\/orienthaispa.provesonlinevalles.com\/ca\/wp-json\/wp\/v2\/media\/1381"}],"wp:attachment":[{"href":"https:\/\/orienthaispa.provesonlinevalles.com\/ca\/wp-json\/wp\/v2\/media?parent=473"}],"wp:term":[{"taxonomy":"product_brand","embeddable":true,"href":"https:\/\/orienthaispa.provesonlinevalles.com\/ca\/wp-json\/wp\/v2\/product_brand?post=473"},{"taxonomy":"product_cat","embeddable":true,"href":"https:\/\/orienthaispa.provesonlinevalles.com\/ca\/wp-json\/wp\/v2\/product_cat?post=473"},{"taxonomy":"product_tag","embeddable":true,"href":"https:\/\/orienthaispa.provesonlinevalles.com\/ca\/wp-json\/wp\/v2\/product_tag?post=473"}],"curies":[{"name":"wp","href":"https:\/\/api.w.org\/{rel}","templated":true}]}}