{"id":469,"date":"2023-04-03T11:17:35","date_gmt":"2023-04-03T11:17:35","guid":{"rendered":"https:\/\/orienthaispa.provesonlinevalles.com\/?post_type=product&#038;p=469"},"modified":"2024-10-29T09:56:36","modified_gmt":"2024-10-29T08:56:36","slug":"masaje-relajante-orienthai-herbal","status":"publish","type":"product","link":"https:\/\/orienthaispa.provesonlinevalles.com\/ca\/producte\/masaje-relajante-orienthai-herbal\/","title":{"rendered":"Massatge Relaxant Orienthai Herbal"},"content":{"rendered":"","protected":false},"excerpt":{"rendered":"<p>Massatge amb pindes d&#039;herbes calentes<\/p>\n<p>Descobreix la relaxaci\u00f3 i rejoveneix tot el cos i ment amb aquesta t\u00e8cnica origin\u00e0ria d&#039;\u00c0sia. Es comen\u00e7a amb pressi\u00f3 de massatge tradicional tailand\u00e8s per alliberar les tensions. Seguit de pressions amb pindes d&#039;herbes variades tailandeses impregnades amb vapor calent, aconseguint energitzar i renovar el cos, relaxant finalment els m\u00fasculs amb olis essencials centrant-se en les \u00e0rees doloroses i problemes d&#039;estr\u00e8s.<\/p>\n<ul>\n<li>60 min \/ 59 \u20ac<\/li>\n<li>90 min \/ 89 \u20ac<\/li>\n<\/ul>","protected":false},"featured_media":1214,"template":"","meta":{"_kad_blocks_custom_css":"","_kad_blocks_head_custom_js":"","_kad_blocks_body_custom_js":"","_kad_blocks_footer_custom_js":"","_kad_post_transparent":"default","_kad_post_title":"","_kad_post_layout":"default","_kad_post_sidebar_id":"","_kad_post_content_style":"default","_kad_post_vertical_padding":"default","_kad_post_feature":"","_kad_post_feature_position":"","_kad_post_header":false,"_kad_post_footer":false,"_kad_post_classname":"","_joinchat":[]},"product_brand":[],"product_cat":[19],"product_tag":[],"class_list":{"0":"post-469","1":"product","2":"type-product","3":"status-publish","4":"has-post-thumbnail","6":"product_cat-masajes-del-mundo","8":"first","9":"instock","10":"shipping-taxable","11":"purchasable","12":"product-type-variable","13":"entry","14":"content-bg","15":"loop-entry"},"yoast_head":"<!-- This site is optimized with the Yoast SEO plugin v27.5 - https:\/\/yoast.com\/product\/yoast-seo-wordpress\/ -->\n<title>Masaje Relajante Orienthai Herbal - Orienthai Spa<\/title>\n<meta name=\"robots\" content=\"noindex, follow, max-snippet:-1, max-image-preview:large, max-video-preview:-1\" \/>\n<meta property=\"og:locale\" content=\"ca_ES\" \/>\n<meta property=\"og:type\" content=\"article\" \/>\n<meta property=\"og:title\" content=\"Masaje Relajante Orienthai Herbal - Orienthai Spa\" \/>\n<meta property=\"og:description\" content=\"Masaje con pindas de hierbas calientes  Descubre la relajaci\u00f3n y rejuvenece el cuerpo entero y mente con esta t\u00e9cnica originaria de Asia. Se empieza con presi\u00f3n de masaje tradicional tailand\u00e9s para liberar las tensiones. Seguido de presiones con \u201cpindas\u201dde hiervas variadas tailandesas impregnadas con vapor caliente, consiguiendo energizar y renovar el cuerpo, relajando finalmente los m\u00fasculos con aceites esenciales centr\u00e1ndose en las \u00e1reas dolorosas y problemas de estr\u00e9s.   60 min \/ 59\u20ac  90 min \/ 89\u20ac\" \/>\n<meta property=\"og:url\" content=\"https:\/\/orienthaispa.provesonlinevalles.com\/ca\/producte\/masaje-relajante-orienthai-herbal\/\" \/>\n<meta property=\"og:site_name\" content=\"Orienthai Spa\" \/>\n<meta property=\"article:modified_time\" content=\"2024-10-29T08:56:36+00:00\" \/>\n<meta property=\"og:image\" content=\"https:\/\/orienthaispa.provesonlinevalles.com\/wp-content\/uploads\/2023\/09\/N5A0744.jpg\" \/>\n\t<meta property=\"og:image:width\" content=\"994\" \/>\n\t<meta property=\"og:image:height\" content=\"1200\" \/>\n\t<meta property=\"og:image:type\" content=\"image\/jpeg\" \/>\n<meta name=\"twitter:card\" content=\"summary_large_image\" \/>\n<meta name=\"twitter:label1\" content=\"Temps estimat de lectura\" \/>\n\t<meta name=\"twitter:data1\" content=\"1 minut\" \/>\n<script type=\"application\/ld+json\" class=\"yoast-schema-graph\">{\"@context\":\"https:\\\/\\\/schema.org\",\"@graph\":[{\"@type\":\"WebPage\",\"@id\":\"https:\\\/\\\/orienthaispa.provesonlinevalles.com\\\/producto\\\/masaje-relajante-orienthai-herbal\\\/\",\"url\":\"https:\\\/\\\/orienthaispa.provesonlinevalles.com\\\/producto\\\/masaje-relajante-orienthai-herbal\\\/\",\"name\":\"Masaje Relajante Orienthai Herbal - Orienthai Spa\",\"isPartOf\":{\"@id\":\"https:\\\/\\\/orienthaispa.provesonlinevalles.com\\\/#website\"},\"primaryImageOfPage\":{\"@id\":\"https:\\\/\\\/orienthaispa.provesonlinevalles.com\\\/producto\\\/masaje-relajante-orienthai-herbal\\\/#primaryimage\"},\"image\":{\"@id\":\"https:\\\/\\\/orienthaispa.provesonlinevalles.com\\\/producto\\\/masaje-relajante-orienthai-herbal\\\/#primaryimage\"},\"thumbnailUrl\":\"https:\\\/\\\/orienthaispa.provesonlinevalles.com\\\/wp-content\\\/uploads\\\/2023\\\/09\\\/N5A0744.jpg\",\"datePublished\":\"2023-04-03T11:17:35+00:00\",\"dateModified\":\"2024-10-29T08:56:36+00:00\",\"breadcrumb\":{\"@id\":\"https:\\\/\\\/orienthaispa.provesonlinevalles.com\\\/producto\\\/masaje-relajante-orienthai-herbal\\\/#breadcrumb\"},\"inLanguage\":\"ca\",\"potentialAction\":[{\"@type\":\"ReadAction\",\"target\":[\"https:\\\/\\\/orienthaispa.provesonlinevalles.com\\\/producto\\\/masaje-relajante-orienthai-herbal\\\/\"]}]},{\"@type\":\"ImageObject\",\"inLanguage\":\"ca\",\"@id\":\"https:\\\/\\\/orienthaispa.provesonlinevalles.com\\\/producto\\\/masaje-relajante-orienthai-herbal\\\/#primaryimage\",\"url\":\"https:\\\/\\\/orienthaispa.provesonlinevalles.com\\\/wp-content\\\/uploads\\\/2023\\\/09\\\/N5A0744.jpg\",\"contentUrl\":\"https:\\\/\\\/orienthaispa.provesonlinevalles.com\\\/wp-content\\\/uploads\\\/2023\\\/09\\\/N5A0744.jpg\",\"width\":994,\"height\":1200},{\"@type\":\"BreadcrumbList\",\"@id\":\"https:\\\/\\\/orienthaispa.provesonlinevalles.com\\\/producto\\\/masaje-relajante-orienthai-herbal\\\/#breadcrumb\",\"itemListElement\":[{\"@type\":\"ListItem\",\"position\":1,\"name\":\"Portada\",\"item\":\"https:\\\/\\\/orienthaispa.provesonlinevalles.com\\\/\"},{\"@type\":\"ListItem\",\"position\":2,\"name\":\"Tienda\",\"item\":\"https:\\\/\\\/orienthaispa.provesonlinevalles.com\\\/tienda\\\/\"},{\"@type\":\"ListItem\",\"position\":3,\"name\":\"Masaje Relajante Orienthai Herbal\"}]},{\"@type\":\"WebSite\",\"@id\":\"https:\\\/\\\/orienthaispa.provesonlinevalles.com\\\/#website\",\"url\":\"https:\\\/\\\/orienthaispa.provesonlinevalles.com\\\/\",\"name\":\"Orienthai Spa\",\"description\":\"Centro de Masajes Tailandeses y Spa en Sabadell\",\"publisher\":{\"@id\":\"https:\\\/\\\/orienthaispa.provesonlinevalles.com\\\/#organization\"},\"potentialAction\":[{\"@type\":\"SearchAction\",\"target\":{\"@type\":\"EntryPoint\",\"urlTemplate\":\"https:\\\/\\\/orienthaispa.provesonlinevalles.com\\\/?s={search_term_string}\"},\"query-input\":{\"@type\":\"PropertyValueSpecification\",\"valueRequired\":true,\"valueName\":\"search_term_string\"}}],\"inLanguage\":\"ca\"},{\"@type\":\"Organization\",\"@id\":\"https:\\\/\\\/orienthaispa.provesonlinevalles.com\\\/#organization\",\"name\":\"Orienthai Spa\",\"url\":\"https:\\\/\\\/orienthaispa.provesonlinevalles.com\\\/\",\"logo\":{\"@type\":\"ImageObject\",\"inLanguage\":\"ca\",\"@id\":\"https:\\\/\\\/orienthaispa.provesonlinevalles.com\\\/#\\\/schema\\\/logo\\\/image\\\/\",\"url\":\"https:\\\/\\\/orienthaispa.provesonlinevalles.com\\\/wp-content\\\/uploads\\\/2023\\\/03\\\/logo-orienthai-spa-300.png\",\"contentUrl\":\"https:\\\/\\\/orienthaispa.provesonlinevalles.com\\\/wp-content\\\/uploads\\\/2023\\\/03\\\/logo-orienthai-spa-300.png\",\"width\":300,\"height\":116,\"caption\":\"Orienthai Spa\"},\"image\":{\"@id\":\"https:\\\/\\\/orienthaispa.provesonlinevalles.com\\\/#\\\/schema\\\/logo\\\/image\\\/\"}}]}<\/script>\n<!-- \/ Yoast SEO plugin. -->","yoast_head_json":{"title":"Masaje Relajante Orienthai Herbal - Orienthai Spa","robots":{"index":"noindex","follow":"follow","max-snippet":"max-snippet:-1","max-image-preview":"max-image-preview:large","max-video-preview":"max-video-preview:-1"},"og_locale":"ca_ES","og_type":"article","og_title":"Masaje Relajante Orienthai Herbal - Orienthai Spa","og_description":"Masaje con pindas de hierbas calientes  Descubre la relajaci\u00f3n y rejuvenece el cuerpo entero y mente con esta t\u00e9cnica originaria de Asia. Se empieza con presi\u00f3n de masaje tradicional tailand\u00e9s para liberar las tensiones. Seguido de presiones con \u201cpindas\u201dde hiervas variadas tailandesas impregnadas con vapor caliente, consiguiendo energizar y renovar el cuerpo, relajando finalmente los m\u00fasculos con aceites esenciales centr\u00e1ndose en las \u00e1reas dolorosas y problemas de estr\u00e9s.   60 min \/ 59\u20ac  90 min \/ 89\u20ac","og_url":"https:\/\/orienthaispa.provesonlinevalles.com\/ca\/producte\/masaje-relajante-orienthai-herbal\/","og_site_name":"Orienthai Spa","article_modified_time":"2024-10-29T08:56:36+00:00","og_image":[{"width":994,"height":1200,"url":"https:\/\/orienthaispa.provesonlinevalles.com\/wp-content\/uploads\/2023\/09\/N5A0744.jpg","type":"image\/jpeg"}],"twitter_card":"summary_large_image","twitter_misc":{"Temps estimat de lectura":"1 minut"},"schema":{"@context":"https:\/\/schema.org","@graph":[{"@type":"WebPage","@id":"https:\/\/orienthaispa.provesonlinevalles.com\/producto\/masaje-relajante-orienthai-herbal\/","url":"https:\/\/orienthaispa.provesonlinevalles.com\/producto\/masaje-relajante-orienthai-herbal\/","name":"Masaje Relajante Orienthai Herbal - Orienthai Spa","isPartOf":{"@id":"https:\/\/orienthaispa.provesonlinevalles.com\/#website"},"primaryImageOfPage":{"@id":"https:\/\/orienthaispa.provesonlinevalles.com\/producto\/masaje-relajante-orienthai-herbal\/#primaryimage"},"image":{"@id":"https:\/\/orienthaispa.provesonlinevalles.com\/producto\/masaje-relajante-orienthai-herbal\/#primaryimage"},"thumbnailUrl":"https:\/\/orienthaispa.provesonlinevalles.com\/wp-content\/uploads\/2023\/09\/N5A0744.jpg","datePublished":"2023-04-03T11:17:35+00:00","dateModified":"2024-10-29T08:56:36+00:00","breadcrumb":{"@id":"https:\/\/orienthaispa.provesonlinevalles.com\/producto\/masaje-relajante-orienthai-herbal\/#breadcrumb"},"inLanguage":"ca","potentialAction":[{"@type":"ReadAction","target":["https:\/\/orienthaispa.provesonlinevalles.com\/producto\/masaje-relajante-orienthai-herbal\/"]}]},{"@type":"ImageObject","inLanguage":"ca","@id":"https:\/\/orienthaispa.provesonlinevalles.com\/producto\/masaje-relajante-orienthai-herbal\/#primaryimage","url":"https:\/\/orienthaispa.provesonlinevalles.com\/wp-content\/uploads\/2023\/09\/N5A0744.jpg","contentUrl":"https:\/\/orienthaispa.provesonlinevalles.com\/wp-content\/uploads\/2023\/09\/N5A0744.jpg","width":994,"height":1200},{"@type":"BreadcrumbList","@id":"https:\/\/orienthaispa.provesonlinevalles.com\/producto\/masaje-relajante-orienthai-herbal\/#breadcrumb","itemListElement":[{"@type":"ListItem","position":1,"name":"Portada","item":"https:\/\/orienthaispa.provesonlinevalles.com\/"},{"@type":"ListItem","position":2,"name":"Tienda","item":"https:\/\/orienthaispa.provesonlinevalles.com\/tienda\/"},{"@type":"ListItem","position":3,"name":"Masaje Relajante Orienthai Herbal"}]},{"@type":"WebSite","@id":"https:\/\/orienthaispa.provesonlinevalles.com\/#website","url":"https:\/\/orienthaispa.provesonlinevalles.com\/","name":"Orienthai Spa","description":"Centre de Massatges Tailandesos i Spa a Sabadell","publisher":{"@id":"https:\/\/orienthaispa.provesonlinevalles.com\/#organization"},"potentialAction":[{"@type":"SearchAction","target":{"@type":"EntryPoint","urlTemplate":"https:\/\/orienthaispa.provesonlinevalles.com\/?s={search_term_string}"},"query-input":{"@type":"PropertyValueSpecification","valueRequired":true,"valueName":"search_term_string"}}],"inLanguage":"ca"},{"@type":"Organization","@id":"https:\/\/orienthaispa.provesonlinevalles.com\/#organization","name":"Orienthai Spa","url":"https:\/\/orienthaispa.provesonlinevalles.com\/","logo":{"@type":"ImageObject","inLanguage":"ca","@id":"https:\/\/orienthaispa.provesonlinevalles.com\/#\/schema\/logo\/image\/","url":"https:\/\/orienthaispa.provesonlinevalles.com\/wp-content\/uploads\/2023\/03\/logo-orienthai-spa-300.png","contentUrl":"https:\/\/orienthaispa.provesonlinevalles.com\/wp-content\/uploads\/2023\/03\/logo-orienthai-spa-300.png","width":300,"height":116,"caption":"Orienthai Spa"},"image":{"@id":"https:\/\/orienthaispa.provesonlinevalles.com\/#\/schema\/logo\/image\/"}}]}},"taxonomy_info":{"product_cat":[{"value":19,"label":"Masajes del Mundo"}]},"featured_image_src_large":["https:\/\/orienthaispa.provesonlinevalles.com\/wp-content\/uploads\/2023\/09\/N5A0744-848x1024.jpg",848,1024,true],"author_info":[],"comment_info":"","_links":{"self":[{"href":"https:\/\/orienthaispa.provesonlinevalles.com\/ca\/wp-json\/wp\/v2\/product\/469","targetHints":{"allow":["GET"]}}],"collection":[{"href":"https:\/\/orienthaispa.provesonlinevalles.com\/ca\/wp-json\/wp\/v2\/product"}],"about":[{"href":"https:\/\/orienthaispa.provesonlinevalles.com\/ca\/wp-json\/wp\/v2\/types\/product"}],"wp:featuredmedia":[{"embeddable":true,"href":"https:\/\/orienthaispa.provesonlinevalles.com\/ca\/wp-json\/wp\/v2\/media\/1214"}],"wp:attachment":[{"href":"https:\/\/orienthaispa.provesonlinevalles.com\/ca\/wp-json\/wp\/v2\/media?parent=469"}],"wp:term":[{"taxonomy":"product_brand","embeddable":true,"href":"https:\/\/orienthaispa.provesonlinevalles.com\/ca\/wp-json\/wp\/v2\/product_brand?post=469"},{"taxonomy":"product_cat","embeddable":true,"href":"https:\/\/orienthaispa.provesonlinevalles.com\/ca\/wp-json\/wp\/v2\/product_cat?post=469"},{"taxonomy":"product_tag","embeddable":true,"href":"https:\/\/orienthaispa.provesonlinevalles.com\/ca\/wp-json\/wp\/v2\/product_tag?post=469"}],"curies":[{"name":"wp","href":"https:\/\/api.w.org\/{rel}","templated":true}]}}