{"id":3722,"date":"2024-10-28T12:51:47","date_gmt":"2024-10-28T11:51:47","guid":{"rendered":"https:\/\/orienthaispa.provesonlinevalles.com\/?post_type=product&#038;p=3722"},"modified":"2026-01-08T11:50:47","modified_gmt":"2026-01-08T10:50:47","slug":"love-mama","status":"publish","type":"product","link":"https:\/\/orienthaispa.provesonlinevalles.com\/ca\/producte\/love-mama\/","title":{"rendered":"Love Mam\u00e1"},"content":{"rendered":"","protected":false},"excerpt":{"rendered":"<p>Recomanat a partir de les 12 setmanes d&#039;embar\u00e0s<\/p>\n<p>Enhorabona futura mare. Permet que us acompanyem en aquest cam\u00ed cap a una nova experi\u00e8ncia de la vostra vida. A Orienthai Spa trobar\u00e0s tractaments ideals per al teu embar\u00e0s. Hidrata i tonifica el teu cos amb olis naturals i ajuda a relaxar i alleujar l&#039;esquena, el coll i les cames amb massatge especial.<\/p>\n<ul>\n<li>60 min \/ 59 \u20ac<\/li>\n<\/ul>","protected":false},"featured_media":3725,"template":"","meta":{"_kad_blocks_custom_css":"","_kad_blocks_head_custom_js":"","_kad_blocks_body_custom_js":"","_kad_blocks_footer_custom_js":"","_kad_post_transparent":"default","_kad_post_title":"","_kad_post_layout":"default","_kad_post_sidebar_id":"","_kad_post_content_style":"default","_kad_post_vertical_padding":"default","_kad_post_feature":"","_kad_post_feature_position":"","_kad_post_header":false,"_kad_post_footer":false,"_kad_post_classname":"","_joinchat":[]},"product_brand":[],"product_cat":[21],"product_tag":[],"class_list":{"0":"post-3722","1":"product","2":"type-product","3":"status-publish","4":"has-post-thumbnail","6":"product_cat-masajes-esenciales","8":"first","9":"instock","10":"shipping-taxable","11":"purchasable","12":"product-type-variable","13":"entry","14":"content-bg","15":"loop-entry"},"yoast_head":"<!-- This site is optimized with the Yoast SEO plugin v27.5 - https:\/\/yoast.com\/product\/yoast-seo-wordpress\/ -->\n<title>Love Mam\u00e1 - Orienthai Spa<\/title>\n<meta name=\"robots\" content=\"noindex, follow, max-snippet:-1, max-image-preview:large, max-video-preview:-1\" \/>\n<meta property=\"og:locale\" content=\"ca_ES\" \/>\n<meta property=\"og:type\" content=\"article\" \/>\n<meta property=\"og:title\" content=\"Love Mam\u00e1 - Orienthai Spa\" \/>\n<meta property=\"og:description\" content=\"Recomendado a partir de las doce semanas de embarazo  Enhorabuena futura mam\u00e1. Permite que te acompa\u00f1emos en este camino hacia una nueva experiencia de tu vida. En Orienthai Spa encontrar\u00e1s tratamientos ideales para tu embarazo. Hidrata y tonifica tu cuerpo con aceites naturales y ayuda a relajar y aliviar la espalda, cuello y piernas con masaje especial.   60 min \/ 59\u20ac\" \/>\n<meta property=\"og:url\" content=\"https:\/\/orienthaispa.provesonlinevalles.com\/ca\/producte\/love-mama\/\" \/>\n<meta property=\"og:site_name\" content=\"Orienthai Spa\" \/>\n<meta property=\"article:modified_time\" content=\"2026-01-08T10:50:47+00:00\" \/>\n<meta property=\"og:image\" content=\"https:\/\/orienthaispa.provesonlinevalles.com\/wp-content\/uploads\/2024\/10\/Diseno-sin-titulo-12.jpg\" \/>\n\t<meta property=\"og:image:width\" content=\"1920\" \/>\n\t<meta property=\"og:image:height\" content=\"1080\" \/>\n\t<meta property=\"og:image:type\" content=\"image\/jpeg\" \/>\n<meta name=\"twitter:card\" content=\"summary_large_image\" \/>\n<meta name=\"twitter:label1\" content=\"Temps estimat de lectura\" \/>\n\t<meta name=\"twitter:data1\" content=\"1 minut\" \/>\n<script type=\"application\/ld+json\" class=\"yoast-schema-graph\">{\"@context\":\"https:\\\/\\\/schema.org\",\"@graph\":[{\"@type\":\"WebPage\",\"@id\":\"https:\\\/\\\/orienthaispa.provesonlinevalles.com\\\/producto\\\/love-mama\\\/\",\"url\":\"https:\\\/\\\/orienthaispa.provesonlinevalles.com\\\/producto\\\/love-mama\\\/\",\"name\":\"Love Mam\u00e1 - Orienthai Spa\",\"isPartOf\":{\"@id\":\"https:\\\/\\\/orienthaispa.provesonlinevalles.com\\\/#website\"},\"primaryImageOfPage\":{\"@id\":\"https:\\\/\\\/orienthaispa.provesonlinevalles.com\\\/producto\\\/love-mama\\\/#primaryimage\"},\"image\":{\"@id\":\"https:\\\/\\\/orienthaispa.provesonlinevalles.com\\\/producto\\\/love-mama\\\/#primaryimage\"},\"thumbnailUrl\":\"https:\\\/\\\/orienthaispa.provesonlinevalles.com\\\/wp-content\\\/uploads\\\/2024\\\/10\\\/Diseno-sin-titulo-12.jpg\",\"datePublished\":\"2024-10-28T11:51:47+00:00\",\"dateModified\":\"2026-01-08T10:50:47+00:00\",\"breadcrumb\":{\"@id\":\"https:\\\/\\\/orienthaispa.provesonlinevalles.com\\\/producto\\\/love-mama\\\/#breadcrumb\"},\"inLanguage\":\"ca\",\"potentialAction\":[{\"@type\":\"ReadAction\",\"target\":[\"https:\\\/\\\/orienthaispa.provesonlinevalles.com\\\/producto\\\/love-mama\\\/\"]}]},{\"@type\":\"ImageObject\",\"inLanguage\":\"ca\",\"@id\":\"https:\\\/\\\/orienthaispa.provesonlinevalles.com\\\/producto\\\/love-mama\\\/#primaryimage\",\"url\":\"https:\\\/\\\/orienthaispa.provesonlinevalles.com\\\/wp-content\\\/uploads\\\/2024\\\/10\\\/Diseno-sin-titulo-12.jpg\",\"contentUrl\":\"https:\\\/\\\/orienthaispa.provesonlinevalles.com\\\/wp-content\\\/uploads\\\/2024\\\/10\\\/Diseno-sin-titulo-12.jpg\",\"width\":1920,\"height\":1080},{\"@type\":\"BreadcrumbList\",\"@id\":\"https:\\\/\\\/orienthaispa.provesonlinevalles.com\\\/producto\\\/love-mama\\\/#breadcrumb\",\"itemListElement\":[{\"@type\":\"ListItem\",\"position\":1,\"name\":\"Portada\",\"item\":\"https:\\\/\\\/orienthaispa.provesonlinevalles.com\\\/\"},{\"@type\":\"ListItem\",\"position\":2,\"name\":\"Tienda\",\"item\":\"https:\\\/\\\/orienthaispa.provesonlinevalles.com\\\/tienda\\\/\"},{\"@type\":\"ListItem\",\"position\":3,\"name\":\"Love Mam\u00e1\"}]},{\"@type\":\"WebSite\",\"@id\":\"https:\\\/\\\/orienthaispa.provesonlinevalles.com\\\/#website\",\"url\":\"https:\\\/\\\/orienthaispa.provesonlinevalles.com\\\/\",\"name\":\"Orienthai Spa\",\"description\":\"Centro de Masajes Tailandeses y Spa en Sabadell\",\"publisher\":{\"@id\":\"https:\\\/\\\/orienthaispa.provesonlinevalles.com\\\/#organization\"},\"potentialAction\":[{\"@type\":\"SearchAction\",\"target\":{\"@type\":\"EntryPoint\",\"urlTemplate\":\"https:\\\/\\\/orienthaispa.provesonlinevalles.com\\\/?s={search_term_string}\"},\"query-input\":{\"@type\":\"PropertyValueSpecification\",\"valueRequired\":true,\"valueName\":\"search_term_string\"}}],\"inLanguage\":\"ca\"},{\"@type\":\"Organization\",\"@id\":\"https:\\\/\\\/orienthaispa.provesonlinevalles.com\\\/#organization\",\"name\":\"Orienthai Spa\",\"url\":\"https:\\\/\\\/orienthaispa.provesonlinevalles.com\\\/\",\"logo\":{\"@type\":\"ImageObject\",\"inLanguage\":\"ca\",\"@id\":\"https:\\\/\\\/orienthaispa.provesonlinevalles.com\\\/#\\\/schema\\\/logo\\\/image\\\/\",\"url\":\"https:\\\/\\\/orienthaispa.provesonlinevalles.com\\\/wp-content\\\/uploads\\\/2023\\\/03\\\/logo-orienthai-spa-300.png\",\"contentUrl\":\"https:\\\/\\\/orienthaispa.provesonlinevalles.com\\\/wp-content\\\/uploads\\\/2023\\\/03\\\/logo-orienthai-spa-300.png\",\"width\":300,\"height\":116,\"caption\":\"Orienthai Spa\"},\"image\":{\"@id\":\"https:\\\/\\\/orienthaispa.provesonlinevalles.com\\\/#\\\/schema\\\/logo\\\/image\\\/\"}}]}<\/script>\n<!-- \/ Yoast SEO plugin. -->","yoast_head_json":{"title":"Love Mam\u00e1 - Orienthai Spa","robots":{"index":"noindex","follow":"follow","max-snippet":"max-snippet:-1","max-image-preview":"max-image-preview:large","max-video-preview":"max-video-preview:-1"},"og_locale":"ca_ES","og_type":"article","og_title":"Love Mam\u00e1 - Orienthai Spa","og_description":"Recomendado a partir de las doce semanas de embarazo  Enhorabuena futura mam\u00e1. Permite que te acompa\u00f1emos en este camino hacia una nueva experiencia de tu vida. En Orienthai Spa encontrar\u00e1s tratamientos ideales para tu embarazo. Hidrata y tonifica tu cuerpo con aceites naturales y ayuda a relajar y aliviar la espalda, cuello y piernas con masaje especial.   60 min \/ 59\u20ac","og_url":"https:\/\/orienthaispa.provesonlinevalles.com\/ca\/producte\/love-mama\/","og_site_name":"Orienthai Spa","article_modified_time":"2026-01-08T10:50:47+00:00","og_image":[{"width":1920,"height":1080,"url":"https:\/\/orienthaispa.provesonlinevalles.com\/wp-content\/uploads\/2024\/10\/Diseno-sin-titulo-12.jpg","type":"image\/jpeg"}],"twitter_card":"summary_large_image","twitter_misc":{"Temps estimat de lectura":"1 minut"},"schema":{"@context":"https:\/\/schema.org","@graph":[{"@type":"WebPage","@id":"https:\/\/orienthaispa.provesonlinevalles.com\/producto\/love-mama\/","url":"https:\/\/orienthaispa.provesonlinevalles.com\/producto\/love-mama\/","name":"Love Mam\u00e1 - Orienthai Spa","isPartOf":{"@id":"https:\/\/orienthaispa.provesonlinevalles.com\/#website"},"primaryImageOfPage":{"@id":"https:\/\/orienthaispa.provesonlinevalles.com\/producto\/love-mama\/#primaryimage"},"image":{"@id":"https:\/\/orienthaispa.provesonlinevalles.com\/producto\/love-mama\/#primaryimage"},"thumbnailUrl":"https:\/\/orienthaispa.provesonlinevalles.com\/wp-content\/uploads\/2024\/10\/Diseno-sin-titulo-12.jpg","datePublished":"2024-10-28T11:51:47+00:00","dateModified":"2026-01-08T10:50:47+00:00","breadcrumb":{"@id":"https:\/\/orienthaispa.provesonlinevalles.com\/producto\/love-mama\/#breadcrumb"},"inLanguage":"ca","potentialAction":[{"@type":"ReadAction","target":["https:\/\/orienthaispa.provesonlinevalles.com\/producto\/love-mama\/"]}]},{"@type":"ImageObject","inLanguage":"ca","@id":"https:\/\/orienthaispa.provesonlinevalles.com\/producto\/love-mama\/#primaryimage","url":"https:\/\/orienthaispa.provesonlinevalles.com\/wp-content\/uploads\/2024\/10\/Diseno-sin-titulo-12.jpg","contentUrl":"https:\/\/orienthaispa.provesonlinevalles.com\/wp-content\/uploads\/2024\/10\/Diseno-sin-titulo-12.jpg","width":1920,"height":1080},{"@type":"BreadcrumbList","@id":"https:\/\/orienthaispa.provesonlinevalles.com\/producto\/love-mama\/#breadcrumb","itemListElement":[{"@type":"ListItem","position":1,"name":"Portada","item":"https:\/\/orienthaispa.provesonlinevalles.com\/"},{"@type":"ListItem","position":2,"name":"Tienda","item":"https:\/\/orienthaispa.provesonlinevalles.com\/tienda\/"},{"@type":"ListItem","position":3,"name":"Love Mam\u00e1"}]},{"@type":"WebSite","@id":"https:\/\/orienthaispa.provesonlinevalles.com\/#website","url":"https:\/\/orienthaispa.provesonlinevalles.com\/","name":"Orienthai Spa","description":"Centre de Massatges Tailandesos i Spa a Sabadell","publisher":{"@id":"https:\/\/orienthaispa.provesonlinevalles.com\/#organization"},"potentialAction":[{"@type":"SearchAction","target":{"@type":"EntryPoint","urlTemplate":"https:\/\/orienthaispa.provesonlinevalles.com\/?s={search_term_string}"},"query-input":{"@type":"PropertyValueSpecification","valueRequired":true,"valueName":"search_term_string"}}],"inLanguage":"ca"},{"@type":"Organization","@id":"https:\/\/orienthaispa.provesonlinevalles.com\/#organization","name":"Orienthai Spa","url":"https:\/\/orienthaispa.provesonlinevalles.com\/","logo":{"@type":"ImageObject","inLanguage":"ca","@id":"https:\/\/orienthaispa.provesonlinevalles.com\/#\/schema\/logo\/image\/","url":"https:\/\/orienthaispa.provesonlinevalles.com\/wp-content\/uploads\/2023\/03\/logo-orienthai-spa-300.png","contentUrl":"https:\/\/orienthaispa.provesonlinevalles.com\/wp-content\/uploads\/2023\/03\/logo-orienthai-spa-300.png","width":300,"height":116,"caption":"Orienthai Spa"},"image":{"@id":"https:\/\/orienthaispa.provesonlinevalles.com\/#\/schema\/logo\/image\/"}}]}},"taxonomy_info":{"product_cat":[{"value":21,"label":"Masajes esenciales"}]},"featured_image_src_large":["https:\/\/orienthaispa.provesonlinevalles.com\/wp-content\/uploads\/2024\/10\/Diseno-sin-titulo-12-1024x576.jpg",1024,576,true],"author_info":[],"comment_info":"","_links":{"self":[{"href":"https:\/\/orienthaispa.provesonlinevalles.com\/ca\/wp-json\/wp\/v2\/product\/3722","targetHints":{"allow":["GET"]}}],"collection":[{"href":"https:\/\/orienthaispa.provesonlinevalles.com\/ca\/wp-json\/wp\/v2\/product"}],"about":[{"href":"https:\/\/orienthaispa.provesonlinevalles.com\/ca\/wp-json\/wp\/v2\/types\/product"}],"wp:featuredmedia":[{"embeddable":true,"href":"https:\/\/orienthaispa.provesonlinevalles.com\/ca\/wp-json\/wp\/v2\/media\/3725"}],"wp:attachment":[{"href":"https:\/\/orienthaispa.provesonlinevalles.com\/ca\/wp-json\/wp\/v2\/media?parent=3722"}],"wp:term":[{"taxonomy":"product_brand","embeddable":true,"href":"https:\/\/orienthaispa.provesonlinevalles.com\/ca\/wp-json\/wp\/v2\/product_brand?post=3722"},{"taxonomy":"product_cat","embeddable":true,"href":"https:\/\/orienthaispa.provesonlinevalles.com\/ca\/wp-json\/wp\/v2\/product_cat?post=3722"},{"taxonomy":"product_tag","embeddable":true,"href":"https:\/\/orienthaispa.provesonlinevalles.com\/ca\/wp-json\/wp\/v2\/product_tag?post=3722"}],"curies":[{"name":"wp","href":"https:\/\/api.w.org\/{rel}","templated":true}]}}