{"id":2889,"date":"2024-04-30T07:04:57","date_gmt":"2024-04-30T07:04:57","guid":{"rendered":"https:\/\/orienthaispa.provesonlinevalles.com\/?post_type=product&#038;p=2889"},"modified":"2025-05-20T13:47:05","modified_gmt":"2025-05-20T11:47:05","slug":"pack-especial-super-mama-2","status":"publish","type":"product","link":"https:\/\/orienthaispa.provesonlinevalles.com\/ca\/producte\/pack-especial-super-mama-2\/","title":{"rendered":"Pack S\u00daPER MAM\u00c0"},"content":{"rendered":"","protected":false},"excerpt":{"rendered":"<p>Peeling corporal 20\u2032 + Massatge arom\u00e0tic 40\u2032 + Facial 30\u2032<\/p>\n<p>Un regal perfecte per a la mare o la teva persona preferida per gaudir del seu moment amb el nostre tractament indicat per relaxar i purificar el cos i la ment.<\/p>\n<ul>\n<li>Durada: 90 minuts. Preu: 100\u20ac<\/li>\n<\/ul>","protected":false},"featured_media":2813,"template":"","meta":{"_kad_blocks_custom_css":"","_kad_blocks_head_custom_js":"","_kad_blocks_body_custom_js":"","_kad_blocks_footer_custom_js":"","_kad_post_transparent":"default","_kad_post_title":"","_kad_post_layout":"default","_kad_post_sidebar_id":"","_kad_post_content_style":"default","_kad_post_vertical_padding":"default","_kad_post_feature":"","_kad_post_feature_position":"","_kad_post_header":false,"_kad_post_footer":false,"_kad_post_classname":"","_joinchat":[]},"product_brand":[],"product_cat":[24],"product_tag":[],"class_list":{"0":"post-2889","1":"product","2":"type-product","3":"status-publish","4":"has-post-thumbnail","6":"product_cat-belleza","8":"first","9":"instock","10":"shipping-taxable","11":"purchasable","12":"product-type-simple","13":"entry","14":"content-bg","15":"loop-entry"},"yoast_head":"<!-- This site is optimized with the Yoast SEO plugin v27.5 - https:\/\/yoast.com\/product\/yoast-seo-wordpress\/ -->\n<title>Pack S\u00daPER MAM\u00c1 - Orienthai Spa<\/title>\n<meta name=\"robots\" content=\"noindex, follow, max-snippet:-1, max-image-preview:large, max-video-preview:-1\" \/>\n<meta property=\"og:locale\" content=\"ca_ES\" \/>\n<meta property=\"og:type\" content=\"article\" \/>\n<meta property=\"og:title\" content=\"Pack S\u00daPER MAM\u00c1 - Orienthai Spa\" \/>\n<meta property=\"og:description\" content=\"Peeling corporal 20&#039; + Masaje arom\u00e1tico 40&#039; + Facial 30&#039;  Un regalo perfecto para la mam\u00e1 o tu persona favorita para disfrutar de su momento con nuestro tratamiento indicado para relajar y purificar el cuerpo y mente.   Duraci\u00f3n: 90 minutos. Precio: 100\u20ac\" \/>\n<meta property=\"og:url\" content=\"https:\/\/orienthaispa.provesonlinevalles.com\/ca\/producte\/pack-especial-super-mama-2\/\" \/>\n<meta property=\"og:site_name\" content=\"Orienthai Spa\" \/>\n<meta property=\"article:modified_time\" content=\"2025-05-20T11:47:05+00:00\" \/>\n<meta property=\"og:image\" content=\"https:\/\/orienthaispa.provesonlinevalles.com\/wp-content\/uploads\/2024\/04\/masaje-tailandes-en-Sabadell-2.jpg\" \/>\n\t<meta property=\"og:image:width\" content=\"2000\" \/>\n\t<meta property=\"og:image:height\" content=\"1414\" \/>\n\t<meta property=\"og:image:type\" content=\"image\/jpeg\" \/>\n<meta name=\"twitter:card\" content=\"summary_large_image\" \/>\n<meta name=\"twitter:label1\" content=\"Temps estimat de lectura\" \/>\n\t<meta name=\"twitter:data1\" content=\"1 minut\" \/>\n<script type=\"application\/ld+json\" class=\"yoast-schema-graph\">{\"@context\":\"https:\\\/\\\/schema.org\",\"@graph\":[{\"@type\":\"WebPage\",\"@id\":\"https:\\\/\\\/orienthaispa.provesonlinevalles.com\\\/producto\\\/pack-especial-super-mama-2\\\/\",\"url\":\"https:\\\/\\\/orienthaispa.provesonlinevalles.com\\\/producto\\\/pack-especial-super-mama-2\\\/\",\"name\":\"Pack S\u00daPER MAM\u00c1 - Orienthai Spa\",\"isPartOf\":{\"@id\":\"https:\\\/\\\/orienthaispa.provesonlinevalles.com\\\/#website\"},\"primaryImageOfPage\":{\"@id\":\"https:\\\/\\\/orienthaispa.provesonlinevalles.com\\\/producto\\\/pack-especial-super-mama-2\\\/#primaryimage\"},\"image\":{\"@id\":\"https:\\\/\\\/orienthaispa.provesonlinevalles.com\\\/producto\\\/pack-especial-super-mama-2\\\/#primaryimage\"},\"thumbnailUrl\":\"https:\\\/\\\/orienthaispa.provesonlinevalles.com\\\/wp-content\\\/uploads\\\/2024\\\/04\\\/masaje-tailandes-en-Sabadell-2.jpg\",\"datePublished\":\"2024-04-30T07:04:57+00:00\",\"dateModified\":\"2025-05-20T11:47:05+00:00\",\"breadcrumb\":{\"@id\":\"https:\\\/\\\/orienthaispa.provesonlinevalles.com\\\/producto\\\/pack-especial-super-mama-2\\\/#breadcrumb\"},\"inLanguage\":\"ca\",\"potentialAction\":[{\"@type\":\"ReadAction\",\"target\":[\"https:\\\/\\\/orienthaispa.provesonlinevalles.com\\\/producto\\\/pack-especial-super-mama-2\\\/\"]}]},{\"@type\":\"ImageObject\",\"inLanguage\":\"ca\",\"@id\":\"https:\\\/\\\/orienthaispa.provesonlinevalles.com\\\/producto\\\/pack-especial-super-mama-2\\\/#primaryimage\",\"url\":\"https:\\\/\\\/orienthaispa.provesonlinevalles.com\\\/wp-content\\\/uploads\\\/2024\\\/04\\\/masaje-tailandes-en-Sabadell-2.jpg\",\"contentUrl\":\"https:\\\/\\\/orienthaispa.provesonlinevalles.com\\\/wp-content\\\/uploads\\\/2024\\\/04\\\/masaje-tailandes-en-Sabadell-2.jpg\",\"width\":2000,\"height\":1414,\"caption\":\"Aceites para hacer masajes\"},{\"@type\":\"BreadcrumbList\",\"@id\":\"https:\\\/\\\/orienthaispa.provesonlinevalles.com\\\/producto\\\/pack-especial-super-mama-2\\\/#breadcrumb\",\"itemListElement\":[{\"@type\":\"ListItem\",\"position\":1,\"name\":\"Portada\",\"item\":\"https:\\\/\\\/orienthaispa.provesonlinevalles.com\\\/\"},{\"@type\":\"ListItem\",\"position\":2,\"name\":\"Tienda\",\"item\":\"https:\\\/\\\/orienthaispa.provesonlinevalles.com\\\/tienda\\\/\"},{\"@type\":\"ListItem\",\"position\":3,\"name\":\"Pack S\u00daPER MAM\u00c1\"}]},{\"@type\":\"WebSite\",\"@id\":\"https:\\\/\\\/orienthaispa.provesonlinevalles.com\\\/#website\",\"url\":\"https:\\\/\\\/orienthaispa.provesonlinevalles.com\\\/\",\"name\":\"Orienthai Spa\",\"description\":\"Centro de Masajes Tailandeses y Spa en Sabadell\",\"publisher\":{\"@id\":\"https:\\\/\\\/orienthaispa.provesonlinevalles.com\\\/#organization\"},\"potentialAction\":[{\"@type\":\"SearchAction\",\"target\":{\"@type\":\"EntryPoint\",\"urlTemplate\":\"https:\\\/\\\/orienthaispa.provesonlinevalles.com\\\/?s={search_term_string}\"},\"query-input\":{\"@type\":\"PropertyValueSpecification\",\"valueRequired\":true,\"valueName\":\"search_term_string\"}}],\"inLanguage\":\"ca\"},{\"@type\":\"Organization\",\"@id\":\"https:\\\/\\\/orienthaispa.provesonlinevalles.com\\\/#organization\",\"name\":\"Orienthai Spa\",\"url\":\"https:\\\/\\\/orienthaispa.provesonlinevalles.com\\\/\",\"logo\":{\"@type\":\"ImageObject\",\"inLanguage\":\"ca\",\"@id\":\"https:\\\/\\\/orienthaispa.provesonlinevalles.com\\\/#\\\/schema\\\/logo\\\/image\\\/\",\"url\":\"https:\\\/\\\/orienthaispa.provesonlinevalles.com\\\/wp-content\\\/uploads\\\/2023\\\/03\\\/logo-orienthai-spa-300.png\",\"contentUrl\":\"https:\\\/\\\/orienthaispa.provesonlinevalles.com\\\/wp-content\\\/uploads\\\/2023\\\/03\\\/logo-orienthai-spa-300.png\",\"width\":300,\"height\":116,\"caption\":\"Orienthai Spa\"},\"image\":{\"@id\":\"https:\\\/\\\/orienthaispa.provesonlinevalles.com\\\/#\\\/schema\\\/logo\\\/image\\\/\"}}]}<\/script>\n<!-- \/ Yoast SEO plugin. -->","yoast_head_json":{"title":"Pack S\u00daPER MAM\u00c1 - Orienthai Spa","robots":{"index":"noindex","follow":"follow","max-snippet":"max-snippet:-1","max-image-preview":"max-image-preview:large","max-video-preview":"max-video-preview:-1"},"og_locale":"ca_ES","og_type":"article","og_title":"Pack S\u00daPER MAM\u00c1 - Orienthai Spa","og_description":"Peeling corporal 20' + Masaje arom\u00e1tico 40' + Facial 30'  Un regalo perfecto para la mam\u00e1 o tu persona favorita para disfrutar de su momento con nuestro tratamiento indicado para relajar y purificar el cuerpo y mente.   Duraci\u00f3n: 90 minutos. Precio: 100\u20ac","og_url":"https:\/\/orienthaispa.provesonlinevalles.com\/ca\/producte\/pack-especial-super-mama-2\/","og_site_name":"Orienthai Spa","article_modified_time":"2025-05-20T11:47:05+00:00","og_image":[{"width":2000,"height":1414,"url":"https:\/\/orienthaispa.provesonlinevalles.com\/wp-content\/uploads\/2024\/04\/masaje-tailandes-en-Sabadell-2.jpg","type":"image\/jpeg"}],"twitter_card":"summary_large_image","twitter_misc":{"Temps estimat de lectura":"1 minut"},"schema":{"@context":"https:\/\/schema.org","@graph":[{"@type":"WebPage","@id":"https:\/\/orienthaispa.provesonlinevalles.com\/producto\/pack-especial-super-mama-2\/","url":"https:\/\/orienthaispa.provesonlinevalles.com\/producto\/pack-especial-super-mama-2\/","name":"Pack S\u00daPER MAM\u00c1 - Orienthai Spa","isPartOf":{"@id":"https:\/\/orienthaispa.provesonlinevalles.com\/#website"},"primaryImageOfPage":{"@id":"https:\/\/orienthaispa.provesonlinevalles.com\/producto\/pack-especial-super-mama-2\/#primaryimage"},"image":{"@id":"https:\/\/orienthaispa.provesonlinevalles.com\/producto\/pack-especial-super-mama-2\/#primaryimage"},"thumbnailUrl":"https:\/\/orienthaispa.provesonlinevalles.com\/wp-content\/uploads\/2024\/04\/masaje-tailandes-en-Sabadell-2.jpg","datePublished":"2024-04-30T07:04:57+00:00","dateModified":"2025-05-20T11:47:05+00:00","breadcrumb":{"@id":"https:\/\/orienthaispa.provesonlinevalles.com\/producto\/pack-especial-super-mama-2\/#breadcrumb"},"inLanguage":"ca","potentialAction":[{"@type":"ReadAction","target":["https:\/\/orienthaispa.provesonlinevalles.com\/producto\/pack-especial-super-mama-2\/"]}]},{"@type":"ImageObject","inLanguage":"ca","@id":"https:\/\/orienthaispa.provesonlinevalles.com\/producto\/pack-especial-super-mama-2\/#primaryimage","url":"https:\/\/orienthaispa.provesonlinevalles.com\/wp-content\/uploads\/2024\/04\/masaje-tailandes-en-Sabadell-2.jpg","contentUrl":"https:\/\/orienthaispa.provesonlinevalles.com\/wp-content\/uploads\/2024\/04\/masaje-tailandes-en-Sabadell-2.jpg","width":2000,"height":1414,"caption":"Aceites para hacer masajes"},{"@type":"BreadcrumbList","@id":"https:\/\/orienthaispa.provesonlinevalles.com\/producto\/pack-especial-super-mama-2\/#breadcrumb","itemListElement":[{"@type":"ListItem","position":1,"name":"Portada","item":"https:\/\/orienthaispa.provesonlinevalles.com\/"},{"@type":"ListItem","position":2,"name":"Tienda","item":"https:\/\/orienthaispa.provesonlinevalles.com\/tienda\/"},{"@type":"ListItem","position":3,"name":"Pack S\u00daPER MAM\u00c1"}]},{"@type":"WebSite","@id":"https:\/\/orienthaispa.provesonlinevalles.com\/#website","url":"https:\/\/orienthaispa.provesonlinevalles.com\/","name":"Orienthai Spa","description":"Centre de Massatges Tailandesos i Spa a Sabadell","publisher":{"@id":"https:\/\/orienthaispa.provesonlinevalles.com\/#organization"},"potentialAction":[{"@type":"SearchAction","target":{"@type":"EntryPoint","urlTemplate":"https:\/\/orienthaispa.provesonlinevalles.com\/?s={search_term_string}"},"query-input":{"@type":"PropertyValueSpecification","valueRequired":true,"valueName":"search_term_string"}}],"inLanguage":"ca"},{"@type":"Organization","@id":"https:\/\/orienthaispa.provesonlinevalles.com\/#organization","name":"Orienthai Spa","url":"https:\/\/orienthaispa.provesonlinevalles.com\/","logo":{"@type":"ImageObject","inLanguage":"ca","@id":"https:\/\/orienthaispa.provesonlinevalles.com\/#\/schema\/logo\/image\/","url":"https:\/\/orienthaispa.provesonlinevalles.com\/wp-content\/uploads\/2023\/03\/logo-orienthai-spa-300.png","contentUrl":"https:\/\/orienthaispa.provesonlinevalles.com\/wp-content\/uploads\/2023\/03\/logo-orienthai-spa-300.png","width":300,"height":116,"caption":"Orienthai Spa"},"image":{"@id":"https:\/\/orienthaispa.provesonlinevalles.com\/#\/schema\/logo\/image\/"}}]}},"taxonomy_info":{"product_cat":[{"value":24,"label":"Belleza"}]},"featured_image_src_large":["https:\/\/orienthaispa.provesonlinevalles.com\/wp-content\/uploads\/2024\/04\/masaje-tailandes-en-Sabadell-2-1024x724.jpg",1024,724,true],"author_info":[],"comment_info":"","_links":{"self":[{"href":"https:\/\/orienthaispa.provesonlinevalles.com\/ca\/wp-json\/wp\/v2\/product\/2889","targetHints":{"allow":["GET"]}}],"collection":[{"href":"https:\/\/orienthaispa.provesonlinevalles.com\/ca\/wp-json\/wp\/v2\/product"}],"about":[{"href":"https:\/\/orienthaispa.provesonlinevalles.com\/ca\/wp-json\/wp\/v2\/types\/product"}],"wp:featuredmedia":[{"embeddable":true,"href":"https:\/\/orienthaispa.provesonlinevalles.com\/ca\/wp-json\/wp\/v2\/media\/2813"}],"wp:attachment":[{"href":"https:\/\/orienthaispa.provesonlinevalles.com\/ca\/wp-json\/wp\/v2\/media?parent=2889"}],"wp:term":[{"taxonomy":"product_brand","embeddable":true,"href":"https:\/\/orienthaispa.provesonlinevalles.com\/ca\/wp-json\/wp\/v2\/product_brand?post=2889"},{"taxonomy":"product_cat","embeddable":true,"href":"https:\/\/orienthaispa.provesonlinevalles.com\/ca\/wp-json\/wp\/v2\/product_cat?post=2889"},{"taxonomy":"product_tag","embeddable":true,"href":"https:\/\/orienthaispa.provesonlinevalles.com\/ca\/wp-json\/wp\/v2\/product_tag?post=2889"}],"curies":[{"name":"wp","href":"https:\/\/api.w.org\/{rel}","templated":true}]}}