{"id":9,"date":"2023-03-21T10:01:14","date_gmt":"2023-03-21T10:01:14","guid":{"rendered":"https:\/\/orienthaispa.provesonlinevalles.com\/?page_id=9"},"modified":"2023-04-05T06:36:17","modified_gmt":"2023-04-05T06:36:17","slug":"politica-de-cookies","status":"publish","type":"page","link":"https:\/\/orienthaispa.provesonlinevalles.com\/ca\/politica-de-cookies\/","title":{"rendered":"Pol\u00edtica de Cookies"},"content":{"rendered":"<style>.kb-row-layout-id_a63ac0-02 > .kt-row-column-wrap{align-content:start;}:where(.kb-row-layout-id_a63ac0-02 > .kt-row-column-wrap) > .wp-block-kadence-column{justify-content:start;}.kb-row-layout-id_a63ac0-02 > .kt-row-column-wrap{column-gap:var(--global-kb-gap-md, 2rem);row-gap:var(--global-kb-gap-md, 2rem);max-width:var( --global-content-width, 1290px );padding-left:var(--global-content-edge-padding);padding-right:var(--global-content-edge-padding);padding-top:var(--global-kb-spacing-sm, 1.5rem);padding-bottom:var(--global-kb-spacing-sm, 1.5rem);grid-template-columns:minmax(0, 1fr);}.kb-row-layout-id_a63ac0-02 > .kt-row-layout-overlay{opacity:0.60;}@media all and (max-width: 1024px){.kb-row-layout-id_a63ac0-02 > .kt-row-column-wrap{grid-template-columns:minmax(0, 1fr);}}@media all and (max-width: 767px){.kb-row-layout-id_a63ac0-02 > .kt-row-column-wrap{grid-template-columns:minmax(0, 1fr);}}<\/style><div class=\"kb-row-layout-wrap kb-row-layout-id_a63ac0-02 alignnone kt-row-has-bg wp-block-kadence-rowlayout\"><div class=\"kt-row-column-wrap kt-has-1-columns kt-row-layout-equal kt-tab-layout-inherit kt-mobile-layout-row kt-row-valign-top kb-theme-content-width\">\n<style>.kadence-column_e835e1-fe > .kt-inside-inner-col,.kadence-column_e835e1-fe > .kt-inside-inner-col:before{border-top-left-radius:0px;border-top-right-radius:0px;border-bottom-right-radius:0px;border-bottom-left-radius:0px;}.kadence-column_e835e1-fe > .kt-inside-inner-col{column-gap:var(--global-kb-gap-sm, 1rem);}.kadence-column_e835e1-fe > .kt-inside-inner-col{flex-direction:column;}.kadence-column_e835e1-fe > .kt-inside-inner-col > .aligncenter{width:100%;}.kadence-column_e835e1-fe > .kt-inside-inner-col:before{opacity:0.3;}.kadence-column_e835e1-fe{position:relative;}@media all and (max-width: 1024px){.kadence-column_e835e1-fe > .kt-inside-inner-col{flex-direction:column;justify-content:center;}}@media all and (max-width: 767px){.kadence-column_e835e1-fe > .kt-inside-inner-col{flex-direction:column;justify-content:center;}}<\/style>\n<div class=\"wp-block-kadence-column kadence-column_e835e1-fe\"><div class=\"kt-inside-inner-col\"><style>.wp-block-kadence-advancedheading.kt-adv-heading_66a916-f2, .wp-block-kadence-advancedheading.kt-adv-heading_66a916-f2[data-kb-block=\"kb-adv-heading_66a916-f2\"]{text-align:center;font-size:var(--global-kb-font-size-xl, 3rem);font-style:normal;}.wp-block-kadence-advancedheading.kt-adv-heading_66a916-f2 mark.kt-highlight, .wp-block-kadence-advancedheading.kt-adv-heading_66a916-f2[data-kb-block=\"kb-adv-heading_66a916-f2\"] mark.kt-highlight{font-style:normal;color:#f76a0c;-webkit-box-decoration-break:clone;box-decoration-break:clone;padding-top:0px;padding-right:0px;padding-bottom:0px;padding-left:0px;}.wp-block-kadence-advancedheading.kt-adv-heading_66a916-f2 img.kb-inline-image, .wp-block-kadence-advancedheading.kt-adv-heading_66a916-f2[data-kb-block=\"kb-adv-heading_66a916-f2\"] img.kb-inline-image{width:150px;vertical-align:baseline;}<\/style>\n<h1 class=\"kt-adv-heading_66a916-f2 wp-block-kadence-advancedheading\" data-kb-block=\"kb-adv-heading_66a916-f2\">Pol\u00edtica de Cookies<\/h1>\n<\/div><\/div>\n\n<\/div><\/div>\n\n<style>.kb-row-layout-id_0df852-b8 > .kt-row-column-wrap{align-content:start;}:where(.kb-row-layout-id_0df852-b8 > .kt-row-column-wrap) > .wp-block-kadence-column{justify-content:start;}.kb-row-layout-id_0df852-b8 > .kt-row-column-wrap{column-gap:var(--global-kb-gap-md, 2rem);row-gap:var(--global-kb-gap-md, 2rem);max-width:800px;margin-left:auto;margin-right:auto;padding-top:var(--global-kb-spacing-sm, 1.5rem);padding-right:var(--global-kb-spacing-sm, 1.5rem);padding-bottom:var(--global-kb-spacing-sm, 1.5rem);padding-left:var(--global-kb-spacing-sm, 1.5rem);grid-template-columns:minmax(0, 1fr);}.kb-row-layout-id_0df852-b8 > .kt-row-layout-overlay{opacity:0.30;}@media all and (max-width: 1024px){.kb-row-layout-id_0df852-b8 > .kt-row-column-wrap{grid-template-columns:minmax(0, 1fr);}}@media all and (max-width: 767px){.kb-row-layout-id_0df852-b8 > .kt-row-column-wrap{grid-template-columns:minmax(0, 1fr);}}<\/style><div class=\"kb-row-layout-wrap kb-row-layout-id_0df852-b8 alignnone wp-block-kadence-rowlayout\"><div class=\"kt-row-column-wrap kt-has-1-columns kt-row-layout-equal kt-tab-layout-inherit kt-mobile-layout-row kt-row-valign-top\">\n<style>.kadence-column_6c25e6-93 > .kt-inside-inner-col,.kadence-column_6c25e6-93 > .kt-inside-inner-col:before{border-top-left-radius:0px;border-top-right-radius:0px;border-bottom-right-radius:0px;border-bottom-left-radius:0px;}.kadence-column_6c25e6-93 > .kt-inside-inner-col{column-gap:var(--global-kb-gap-sm, 1rem);}.kadence-column_6c25e6-93 > .kt-inside-inner-col{flex-direction:column;}.kadence-column_6c25e6-93 > .kt-inside-inner-col > .aligncenter{width:100%;}.kadence-column_6c25e6-93 > .kt-inside-inner-col:before{opacity:0.3;}.kadence-column_6c25e6-93{position:relative;}@media all and (max-width: 1024px){.kadence-column_6c25e6-93 > .kt-inside-inner-col{flex-direction:column;justify-content:center;}}@media all and (max-width: 767px){.kadence-column_6c25e6-93 > .kt-inside-inner-col{flex-direction:column;justify-content:center;}}<\/style>\n<div class=\"wp-block-kadence-column kadence-column_6c25e6-93\"><div class=\"kt-inside-inner-col\">\n<p>Una&nbsp;<em>cookie<\/em>&nbsp;es un peque\u00f1o fichero de texto que se almacena en su navegador cuando visita casi cualquier p\u00e1gina web. Su utilidad es que la web sea capaz de recordar su visita cuando vuelva a navegar por esa p\u00e1gina. Las&nbsp;<em>cookies<\/em>&nbsp;suelen almacenar informaci\u00f3n de car\u00e1cter t\u00e9cnico, preferencias personales, personalizaci\u00f3n de contenidos, estad\u00edsticas de uso, enlaces a redes sociales, acceso a cuentas de usuario, etc. El objetivo de la&nbsp;<em>cookie<\/em>&nbsp;es adaptar el contenido de la web a su perfil y necesidades, sin&nbsp;<em>cookies<\/em>&nbsp;los servicios ofrecidos por cualquier p\u00e1gina se ver\u00edan mermados notablemente. Si desea consultar m\u00e1s informaci\u00f3n sobre qu\u00e9 son las&nbsp;<em>cookies<\/em>, qu\u00e9 almacenan, c\u00f3mo eliminarlas, desactivarlas, etc.<\/p>\n\n\n\n<h2 class=\"wp-block-heading\">Cookies utilizadas en Orienthai Spa<\/h2>\n\n\n\n<p>Siguiendo las directrices de la Agencia Espa\u00f1ola de Protecci\u00f3n de Datos procedemos a detallar el uso de&nbsp;<em>cookies<\/em>&nbsp;que hace esta web con el fin de informarle con la m\u00e1xima exactitud posible.<\/p>\n\n\n\n<p>Este sitio web utiliza las siguientes&nbsp;<strong>cookies propias<\/strong>:<\/p>\n\n\n\n<ul class=\"wp-block-list\">\n<li>Cookies de sesi\u00f3n, para garantizar que los usuarios que escriban comentarios en el blog sean humanos y no aplicaciones automatizadas. De esta forma se combate el&nbsp;<em>spam<\/em>.<\/li>\n<\/ul>\n\n\n\n<p>Este sitio web utiliza las siguientes&nbsp;<strong>cookies de terceros<\/strong>:<\/p>\n\n\n\n<ul class=\"wp-block-list\">\n<li>Google Analytics: Almacena&nbsp;<em>cookies<\/em>&nbsp;para poder elaborar estad\u00edsticas sobre el tr\u00e1fico y volumen de visitas de esta web. Al utilizar este sitio web est\u00e1 consintiendo el tratamiento de informaci\u00f3n acerca de usted por Google. Por tanto, el ejercicio de cualquier derecho en este sentido deber\u00e1 hacerlo comunicando directamente con Google.<\/li>\n\n\n\n<li>Redes sociales: Cada red social utiliza sus propias&nbsp;<em>cookies<\/em>&nbsp;para que usted pueda pinchar en botones del tipo&nbsp;<em>Me gusta<\/em>&nbsp;o&nbsp;<em>Compartir<\/em>.<\/li>\n<\/ul>\n\n\n\n<h2 class=\"wp-block-heading\">Desactivaci\u00f3n o eliminaci\u00f3n de cookies<\/h2>\n\n\n\n<p>En cualquier momento podr\u00e1 ejercer su derecho de desactivaci\u00f3n o eliminaci\u00f3n de cookies de este sitio web. Estas acciones se realizan de forma diferente en funci\u00f3n del navegador que est\u00e9 usando.Notas adicionales<\/p>\n\n\n\n<ul class=\"wp-block-list\">\n<li>Orienthai Spa no se hace responsable ni del contenido ni de la veracidad de las pol\u00edticas de privacidad que puedan tener los terceros mencionados en esta pol\u00edtica de&nbsp;<em>cookies<\/em>.<\/li>\n\n\n\n<li>Los navegadores web son las herramientas encargadas de almacenar las&nbsp;<em>cookies<\/em>&nbsp;y desde este lugar debe efectuar su derecho a eliminaci\u00f3n o desactivaci\u00f3n de las mismas. Ni esta web ni sus representantes legales pueden garantizar la correcta o incorrecta manipulaci\u00f3n de las&nbsp;<em>cookies<\/em>&nbsp;por parte de los mencionados navegadores.<\/li>\n\n\n\n<li>En algunos casos es necesario instalar&nbsp;<em>cookies<\/em>&nbsp;para que el navegador no olvide su decisi\u00f3n de no aceptaci\u00f3n de las mismas.<\/li>\n\n\n\n<li>En el caso de las&nbsp;<em>cookies<\/em>&nbsp;de Google Analytics, esta empresa almacena las&nbsp;<em>cookies<\/em>&nbsp;en servidores ubicados en Estados Unidos y se compromete a no compartirla con terceros, excepto en los casos en los que sea necesario para el funcionamiento del sistema o cuando la ley obligue a tal efecto. Seg\u00fan Google no guarda su direcci\u00f3n IP. Google Inc. es una compa\u00f1\u00eda adherida al Acuerdo de Puerto Seguro que garantiza que todos los datos transferidos ser\u00e1n tratados con un nivel de protecci\u00f3n acorde a la normativa europea. Puede consultar informaci\u00f3n detallada a este respecto&nbsp;<a href=\"http:\/\/safeharbor.export.gov\/companyinfo.aspx?id=16626\" target=\"_blank\" rel=\"noreferrer noopener\">en este enlace<\/a>. Si desea informaci\u00f3n sobre el uso que Google da a las cookies&nbsp;<a href=\"https:\/\/developers.google.com\/analytics\/devguides\/collection\/analyticsjs\/cookie-usage?hl=es&amp;csw=1\" target=\"_blank\" rel=\"noreferrer noopener\">le adjuntamos este otro enlace<\/a>.<\/li>\n\n\n\n<li>Para cualquier duda o consulta acerca de esta pol\u00edtica de&nbsp;<em>cookies<\/em>&nbsp;no dude en comunicarse con nosotros a trav\u00e9s de la secci\u00f3n de contacto.<\/li>\n<\/ul>\n\n\n\n<p>egar por esa p\u00e1gina. Las&nbsp;<em>cookies<\/em>&nbsp;suelen almacenar informaci\u00f3n de car\u00e1cter t\u00e9cnico, preferencias personales, personalizaci\u00f3n de contenidos, estad\u00edsticas de uso, enlaces a redes sociales, acceso a cuentas de usuario, etc. El objetivo de la&nbsp;<em>cookie<\/em>&nbsp;es adaptar el contenido de la web a su perfil y necesidades, sin&nbsp;<em>cookies<\/em>&nbsp;los servicios ofrecidos por cualquier p\u00e1gina se ver\u00edan mermados notablemente. Si desea consultar m\u00e1s informaci\u00f3n sobre qu\u00e9 son las&nbsp;<em>cookies<\/em>, qu\u00e9 almacenan, c\u00f3mo eliminarlas, desactivarlas, etc.<\/p>\n\n\n\n<h2 class=\"wp-block-heading\">Cookies utilizadas en Orienthai Spa<\/h2>\n\n\n\n<p>Siguiendo las directrices de la Agencia Espa\u00f1ola de Protecci\u00f3n de Datos procedemos a detallar el uso de&nbsp;<em>cookies<\/em>&nbsp;que hace esta web con el fin de informarle con la m\u00e1xima exactitud posible.<\/p>\n\n\n\n<p>Este sitio web utiliza las siguientes&nbsp;<strong>cookies propias<\/strong>:<\/p>\n\n\n\n<ul class=\"wp-block-list\">\n<li>Cookies de sesi\u00f3n, para garantizar que los usuarios que escriban comentarios en el blog sean humanos y no aplicaciones automatizadas. De esta forma se combate el&nbsp;<em>spam<\/em>.<\/li>\n<\/ul>\n\n\n\n<p>Este sitio web utiliza las siguientes&nbsp;<strong>cookies de terceros<\/strong>:<\/p>\n\n\n\n<ul class=\"wp-block-list\">\n<li>Google Analytics: Almacena&nbsp;<em>cookies<\/em>&nbsp;para poder elaborar estad\u00edsticas sobre el tr\u00e1fico y volumen de visitas de esta web. Al utilizar este sitio web est\u00e1 consintiendo el tratamiento de informaci\u00f3n acerca de usted por Google. Por tanto, el ejercicio de cualquier derecho en este sentido deber\u00e1 hacerlo comunicando directamente con Google.<\/li>\n\n\n\n<li>Redes sociales: Cada red social utiliza sus propias&nbsp;<em>cookies<\/em>&nbsp;para que usted pueda pinchar en botones del tipo&nbsp;<em>Me gusta<\/em>&nbsp;o&nbsp;<em>Compartir<\/em>.<\/li>\n<\/ul>\n\n\n\n<h2 class=\"wp-block-heading\">Desactivaci\u00f3n o eliminaci\u00f3n de cookies<\/h2>\n\n\n\n<p>En cualquier momento podr\u00e1 ejercer su derecho de desactivaci\u00f3n o eliminaci\u00f3n de cookies de este sitio web. Estas acciones se realizan de forma diferente en funci\u00f3n del navegador que est\u00e9 usando.<\/p>\n\n\n\n<h2 class=\"wp-block-heading\">Notas adicionales<\/h2>\n\n\n\n<ul class=\"wp-block-list\">\n<li>Orienthai Spa no se hace responsable ni del contenido ni de la veracidad de las pol\u00edticas de privacidad que puedan tener los terceros mencionados en esta pol\u00edtica de&nbsp;<em>cookies<\/em>.<\/li>\n\n\n\n<li>Los navegadores web son las herramientas encargadas de almacenar las&nbsp;<em>cookies<\/em>&nbsp;y desde este lugar debe efectuar su derecho a eliminaci\u00f3n o desactivaci\u00f3n de las mismas. Ni esta web ni sus representantes legales pueden garantizar la correcta o incorrecta manipulaci\u00f3n de las&nbsp;<em>cookies<\/em>&nbsp;por parte de los mencionados navegadores.<\/li>\n\n\n\n<li>En algunos casos es necesario instalar&nbsp;<em>cookies<\/em>&nbsp;para que el navegador no olvide su decisi\u00f3n de no aceptaci\u00f3n de las mismas.<\/li>\n\n\n\n<li>En el caso de las&nbsp;<em>cookies<\/em>&nbsp;de Google Analytics, esta empresa almacena las&nbsp;<em>cookies<\/em>&nbsp;en servidores ubicados en Estados Unidos y se compromete a no compartirla con terceros, excepto en los casos en los que sea necesario para el funcionamiento del sistema o cuando la ley obligue a tal efecto. Seg\u00fan Google no guarda su direcci\u00f3n IP. Google Inc. es una compa\u00f1\u00eda adherida al Acuerdo de Puerto Seguro que garantiza que todos los datos transferidos ser\u00e1n tratados con un nivel de protecci\u00f3n acorde a la normativa europea. Puede consultar informaci\u00f3n detallada a este respecto&nbsp;<a href=\"http:\/\/safeharbor.export.gov\/companyinfo.aspx?id=16626\" target=\"_blank\" rel=\"noreferrer noopener\">en este enlace<\/a>. Si desea informaci\u00f3n sobre el uso que Google da a las cookies&nbsp;<a href=\"https:\/\/developers.google.com\/analytics\/devguides\/collection\/analyticsjs\/cookie-usage?hl=es&amp;csw=1\" target=\"_blank\" rel=\"noreferrer noopener\">le adjuntamos este otro enlace<\/a>.<\/li>\n\n\n\n<li>Para cualquier duda o consulta acerca de esta pol\u00edtica de&nbsp;<em>cookies<\/em>&nbsp;no dude en comunicarse con nosotros a trav\u00e9s de la secci\u00f3n de contacto.<\/li>\n<\/ul>\n<\/div><\/div>\n\n<\/div><\/div>\n\n<style>.kb-row-layout-wrap.wp-block-kadence-rowlayout.kb-row-layout-id_c95542-99{margin-top:var(--global-kb-spacing-md, 2rem);}.kb-row-layout-id_c95542-99 > .kt-row-column-wrap{align-content:start;}:where(.kb-row-layout-id_c95542-99 > .kt-row-column-wrap) > .wp-block-kadence-column{justify-content:start;}.kb-row-layout-id_c95542-99 > .kt-row-column-wrap{column-gap:var(--global-kb-gap-md, 2rem);row-gap:var(--global-kb-gap-md, 2rem);max-width:var( --global-content-width, 1290px );padding-left:var(--global-content-edge-padding);padding-right:var(--global-content-edge-padding);padding-top:var(--global-kb-spacing-sm, 1.5rem);padding-bottom:var(--global-kb-spacing-sm, 1.5rem);min-height:150px;grid-template-columns:minmax(0, 1fr);}.kb-row-layout-id_c95542-99{background-image:url('https:\/\/orienthaispa.provesonlinevalles.com\/wp-content\/uploads\/2023\/03\/packs-spa-280.jpg');background-size:cover;background-position:center center;background-attachment:fixed;background-repeat:no-repeat;}.kb-row-layout-id_c95542-99 > .kt-row-layout-overlay{opacity:0.60;}@media all and (max-width: 1024px), only screen and (min-device-width: 1024px) and (max-device-width: 1366px) and (-webkit-min-device-pixel-ratio: 2) and (hover: none){.kb-row-layout-id_c95542-99{background-attachment:scroll;}}@media all and (max-width: 1024px){.kb-row-layout-id_c95542-99 > .kt-row-column-wrap{grid-template-columns:minmax(0, 1fr);}}@media all and (max-width: 767px){.kb-row-layout-id_c95542-99 > .kt-row-column-wrap{grid-template-columns:minmax(0, 1fr);}}<\/style><div class=\"kb-row-layout-wrap kb-row-layout-id_c95542-99 alignnone has-theme-palette4-background-color kt-row-has-bg wp-block-kadence-rowlayout\"><div class=\"kt-row-column-wrap kt-has-1-columns kt-row-layout-equal kt-tab-layout-inherit kt-mobile-layout-row kt-row-valign-top kb-theme-content-width\">\n<style>.kadence-column_ea468d-e5 > .kt-inside-inner-col,.kadence-column_ea468d-e5 > .kt-inside-inner-col:before{border-top-left-radius:0px;border-top-right-radius:0px;border-bottom-right-radius:0px;border-bottom-left-radius:0px;}.kadence-column_ea468d-e5 > .kt-inside-inner-col{column-gap:var(--global-kb-gap-sm, 1rem);}.kadence-column_ea468d-e5 > .kt-inside-inner-col{flex-direction:column;}.kadence-column_ea468d-e5 > .kt-inside-inner-col > .aligncenter{width:100%;}.kadence-column_ea468d-e5 > .kt-inside-inner-col:before{opacity:0.3;}.kadence-column_ea468d-e5{position:relative;}@media all and (max-width: 1024px){.kadence-column_ea468d-e5 > .kt-inside-inner-col{flex-direction:column;justify-content:center;}}@media all and (max-width: 767px){.kadence-column_ea468d-e5 > .kt-inside-inner-col{flex-direction:column;justify-content:center;}}<\/style>\n<div class=\"wp-block-kadence-column kadence-column_ea468d-e5\"><div class=\"kt-inside-inner-col\"><\/div><\/div>\n\n<\/div><\/div>","protected":false},"excerpt":{"rendered":"<p>Pol\u00edtica de Cookies Una galeta \u00e9s un petit fitxer de text que s&#039;emmagatzema al vostre navegador quan visita gaireb\u00e9 qualsevol p\u00e0gina web. La seva utilitat \u00e9s que la web sigui capa\u00e7 de recordar la vostra visita quan torneu a navegar per aquesta p\u00e0gina. Les galetes solen emmagatzemar informaci\u00f3 de car\u00e0cter t\u00e8cnic, prefer\u00e8ncies personals, personalitzaci\u00f3 de continguts, estad\u00edstiques d&#039;\u00fas, enlla\u00e7os\u2026<\/p>","protected":false},"author":2,"featured_media":0,"parent":0,"menu_order":70,"comment_status":"closed","ping_status":"closed","template":"","meta":{"_kad_blocks_custom_css":"","_kad_blocks_head_custom_js":"","_kad_blocks_body_custom_js":"","_kad_blocks_footer_custom_js":"","_kad_post_transparent":"disable","_kad_post_title":"hide","_kad_post_layout":"fullwidth","_kad_post_sidebar_id":"","_kad_post_content_style":"unboxed","_kad_post_vertical_padding":"","_kad_post_feature":"","_kad_post_feature_position":"","_kad_post_header":false,"_kad_post_footer":false,"_kad_post_classname":"","_joinchat":[],"footnotes":""},"class_list":["post-9","page","type-page","status-publish","hentry"],"yoast_head":"<!-- This site is optimized with the Yoast SEO plugin v27.5 - https:\/\/yoast.com\/product\/yoast-seo-wordpress\/ -->\n<title>Pol\u00edtica de Cokies - Orienthai spa<\/title>\n<meta name=\"robots\" content=\"noindex, follow, max-snippet:-1, max-image-preview:large, max-video-preview:-1\" \/>\n<meta property=\"og:locale\" content=\"ca_ES\" \/>\n<meta property=\"og:type\" content=\"article\" \/>\n<meta property=\"og:title\" content=\"Pol\u00edtica de Cokies - Orienthai spa\" \/>\n<meta property=\"og:description\" content=\"Pol\u00edtica de Cookies Una&nbsp;cookie&nbsp;es un peque\u00f1o fichero de texto que se almacena en su navegador cuando visita casi cualquier p\u00e1gina web. Su utilidad es que la web sea capaz de recordar su visita cuando vuelva a navegar por esa p\u00e1gina. Las&nbsp;cookies&nbsp;suelen almacenar informaci\u00f3n de car\u00e1cter t\u00e9cnico, preferencias personales, personalizaci\u00f3n de contenidos, estad\u00edsticas de uso, enlaces...\" \/>\n<meta property=\"og:url\" content=\"https:\/\/orienthaispa.provesonlinevalles.com\/ca\/politica-de-cookies\/\" \/>\n<meta property=\"og:site_name\" content=\"Orienthai Spa\" \/>\n<meta property=\"article:modified_time\" content=\"2023-04-05T06:36:17+00:00\" \/>\n<meta name=\"twitter:card\" content=\"summary_large_image\" \/>\n<meta name=\"twitter:label1\" content=\"Temps estimat de lectura\" \/>\n\t<meta name=\"twitter:data1\" content=\"6 minuts\" \/>\n<script type=\"application\/ld+json\" class=\"yoast-schema-graph\">{\"@context\":\"https:\\\/\\\/schema.org\",\"@graph\":[{\"@type\":\"WebPage\",\"@id\":\"https:\\\/\\\/orienthaispa.provesonlinevalles.com\\\/politica-de-cookies\\\/\",\"url\":\"https:\\\/\\\/orienthaispa.provesonlinevalles.com\\\/politica-de-cookies\\\/\",\"name\":\"Pol\u00edtica de Cokies - Orienthai spa\",\"isPartOf\":{\"@id\":\"https:\\\/\\\/orienthaispa.provesonlinevalles.com\\\/#website\"},\"datePublished\":\"2023-03-21T10:01:14+00:00\",\"dateModified\":\"2023-04-05T06:36:17+00:00\",\"breadcrumb\":{\"@id\":\"https:\\\/\\\/orienthaispa.provesonlinevalles.com\\\/politica-de-cookies\\\/#breadcrumb\"},\"inLanguage\":\"ca\",\"potentialAction\":[{\"@type\":\"ReadAction\",\"target\":[\"https:\\\/\\\/orienthaispa.provesonlinevalles.com\\\/politica-de-cookies\\\/\"]}]},{\"@type\":\"BreadcrumbList\",\"@id\":\"https:\\\/\\\/orienthaispa.provesonlinevalles.com\\\/politica-de-cookies\\\/#breadcrumb\",\"itemListElement\":[{\"@type\":\"ListItem\",\"position\":1,\"name\":\"Portada\",\"item\":\"https:\\\/\\\/orienthaispa.provesonlinevalles.com\\\/\"},{\"@type\":\"ListItem\",\"position\":2,\"name\":\"Pol\u00edtica de Cookies\"}]},{\"@type\":\"WebSite\",\"@id\":\"https:\\\/\\\/orienthaispa.provesonlinevalles.com\\\/#website\",\"url\":\"https:\\\/\\\/orienthaispa.provesonlinevalles.com\\\/\",\"name\":\"Orienthai Spa\",\"description\":\"Centro de Masajes Tailandeses y Spa en Sabadell\",\"publisher\":{\"@id\":\"https:\\\/\\\/orienthaispa.provesonlinevalles.com\\\/#organization\"},\"potentialAction\":[{\"@type\":\"SearchAction\",\"target\":{\"@type\":\"EntryPoint\",\"urlTemplate\":\"https:\\\/\\\/orienthaispa.provesonlinevalles.com\\\/?s={search_term_string}\"},\"query-input\":{\"@type\":\"PropertyValueSpecification\",\"valueRequired\":true,\"valueName\":\"search_term_string\"}}],\"inLanguage\":\"ca\"},{\"@type\":\"Organization\",\"@id\":\"https:\\\/\\\/orienthaispa.provesonlinevalles.com\\\/#organization\",\"name\":\"Orienthai Spa\",\"url\":\"https:\\\/\\\/orienthaispa.provesonlinevalles.com\\\/\",\"logo\":{\"@type\":\"ImageObject\",\"inLanguage\":\"ca\",\"@id\":\"https:\\\/\\\/orienthaispa.provesonlinevalles.com\\\/#\\\/schema\\\/logo\\\/image\\\/\",\"url\":\"https:\\\/\\\/orienthaispa.provesonlinevalles.com\\\/wp-content\\\/uploads\\\/2023\\\/03\\\/logo-orienthai-spa-300.png\",\"contentUrl\":\"https:\\\/\\\/orienthaispa.provesonlinevalles.com\\\/wp-content\\\/uploads\\\/2023\\\/03\\\/logo-orienthai-spa-300.png\",\"width\":300,\"height\":116,\"caption\":\"Orienthai Spa\"},\"image\":{\"@id\":\"https:\\\/\\\/orienthaispa.provesonlinevalles.com\\\/#\\\/schema\\\/logo\\\/image\\\/\"}}]}<\/script>\n<!-- \/ Yoast SEO plugin. -->","yoast_head_json":{"title":"Pol\u00edtica de Cokies - Orienthai spa","robots":{"index":"noindex","follow":"follow","max-snippet":"max-snippet:-1","max-image-preview":"max-image-preview:large","max-video-preview":"max-video-preview:-1"},"og_locale":"ca_ES","og_type":"article","og_title":"Pol\u00edtica de Cokies - Orienthai spa","og_description":"Pol\u00edtica de Cookies Una&nbsp;cookie&nbsp;es un peque\u00f1o fichero de texto que se almacena en su navegador cuando visita casi cualquier p\u00e1gina web. Su utilidad es que la web sea capaz de recordar su visita cuando vuelva a navegar por esa p\u00e1gina. Las&nbsp;cookies&nbsp;suelen almacenar informaci\u00f3n de car\u00e1cter t\u00e9cnico, preferencias personales, personalizaci\u00f3n de contenidos, estad\u00edsticas de uso, enlaces...","og_url":"https:\/\/orienthaispa.provesonlinevalles.com\/ca\/politica-de-cookies\/","og_site_name":"Orienthai Spa","article_modified_time":"2023-04-05T06:36:17+00:00","twitter_card":"summary_large_image","twitter_misc":{"Temps estimat de lectura":"6 minuts"},"schema":{"@context":"https:\/\/schema.org","@graph":[{"@type":"WebPage","@id":"https:\/\/orienthaispa.provesonlinevalles.com\/politica-de-cookies\/","url":"https:\/\/orienthaispa.provesonlinevalles.com\/politica-de-cookies\/","name":"Pol\u00edtica de Cokies - Orienthai spa","isPartOf":{"@id":"https:\/\/orienthaispa.provesonlinevalles.com\/#website"},"datePublished":"2023-03-21T10:01:14+00:00","dateModified":"2023-04-05T06:36:17+00:00","breadcrumb":{"@id":"https:\/\/orienthaispa.provesonlinevalles.com\/politica-de-cookies\/#breadcrumb"},"inLanguage":"ca","potentialAction":[{"@type":"ReadAction","target":["https:\/\/orienthaispa.provesonlinevalles.com\/politica-de-cookies\/"]}]},{"@type":"BreadcrumbList","@id":"https:\/\/orienthaispa.provesonlinevalles.com\/politica-de-cookies\/#breadcrumb","itemListElement":[{"@type":"ListItem","position":1,"name":"Portada","item":"https:\/\/orienthaispa.provesonlinevalles.com\/"},{"@type":"ListItem","position":2,"name":"Pol\u00edtica de Cookies"}]},{"@type":"WebSite","@id":"https:\/\/orienthaispa.provesonlinevalles.com\/#website","url":"https:\/\/orienthaispa.provesonlinevalles.com\/","name":"Orienthai Spa","description":"Centre de Massatges Tailandesos i Spa a Sabadell","publisher":{"@id":"https:\/\/orienthaispa.provesonlinevalles.com\/#organization"},"potentialAction":[{"@type":"SearchAction","target":{"@type":"EntryPoint","urlTemplate":"https:\/\/orienthaispa.provesonlinevalles.com\/?s={search_term_string}"},"query-input":{"@type":"PropertyValueSpecification","valueRequired":true,"valueName":"search_term_string"}}],"inLanguage":"ca"},{"@type":"Organization","@id":"https:\/\/orienthaispa.provesonlinevalles.com\/#organization","name":"Orienthai Spa","url":"https:\/\/orienthaispa.provesonlinevalles.com\/","logo":{"@type":"ImageObject","inLanguage":"ca","@id":"https:\/\/orienthaispa.provesonlinevalles.com\/#\/schema\/logo\/image\/","url":"https:\/\/orienthaispa.provesonlinevalles.com\/wp-content\/uploads\/2023\/03\/logo-orienthai-spa-300.png","contentUrl":"https:\/\/orienthaispa.provesonlinevalles.com\/wp-content\/uploads\/2023\/03\/logo-orienthai-spa-300.png","width":300,"height":116,"caption":"Orienthai Spa"},"image":{"@id":"https:\/\/orienthaispa.provesonlinevalles.com\/#\/schema\/logo\/image\/"}}]}},"taxonomy_info":[],"featured_image_src_large":false,"author_info":{"display_name":"soporte","author_link":"https:\/\/orienthaispa.provesonlinevalles.com\/ca\/author\/soporte\/"},"comment_info":0,"_links":{"self":[{"href":"https:\/\/orienthaispa.provesonlinevalles.com\/ca\/wp-json\/wp\/v2\/pages\/9","targetHints":{"allow":["GET"]}}],"collection":[{"href":"https:\/\/orienthaispa.provesonlinevalles.com\/ca\/wp-json\/wp\/v2\/pages"}],"about":[{"href":"https:\/\/orienthaispa.provesonlinevalles.com\/ca\/wp-json\/wp\/v2\/types\/page"}],"author":[{"embeddable":true,"href":"https:\/\/orienthaispa.provesonlinevalles.com\/ca\/wp-json\/wp\/v2\/users\/2"}],"replies":[{"embeddable":true,"href":"https:\/\/orienthaispa.provesonlinevalles.com\/ca\/wp-json\/wp\/v2\/comments?post=9"}],"version-history":[{"count":0,"href":"https:\/\/orienthaispa.provesonlinevalles.com\/ca\/wp-json\/wp\/v2\/pages\/9\/revisions"}],"wp:attachment":[{"href":"https:\/\/orienthaispa.provesonlinevalles.com\/ca\/wp-json\/wp\/v2\/media?parent=9"}],"curies":[{"name":"wp","href":"https:\/\/api.w.org\/{rel}","templated":true}]}}