{"id":458,"date":"2023-04-04T07:25:21","date_gmt":"2023-04-04T07:25:21","guid":{"rendered":"https:\/\/orienthaispa.provesonlinevalles.com\/?page_id=458"},"modified":"2023-09-29T08:38:21","modified_gmt":"2023-09-29T08:38:21","slug":"reembolso_devoluciones","status":"publish","type":"page","link":"https:\/\/orienthaispa.provesonlinevalles.com\/ca\/reembolso_devoluciones\/","title":{"rendered":"Pol\u00edtica de devolucions i reemborsament"},"content":{"rendered":"<style>.kb-row-layout-id458_377e71-8d > .kt-row-column-wrap{align-content:start;}:where(.kb-row-layout-id458_377e71-8d > .kt-row-column-wrap) > .wp-block-kadence-column{justify-content:start;}.kb-row-layout-id458_377e71-8d > .kt-row-column-wrap{column-gap:var(--global-kb-gap-md, 2rem);row-gap:var(--global-kb-gap-md, 2rem);max-width:800px;margin-left:auto;margin-right:auto;padding-top:var(--global-kb-spacing-sm, 1.5rem);padding-right:var(--global-kb-spacing-sm, 1.5rem);padding-bottom:var(--global-kb-spacing-sm, 1.5rem);padding-left:var(--global-kb-spacing-sm, 1.5rem);grid-template-columns:minmax(0, 1fr);}.kb-row-layout-id458_377e71-8d > .kt-row-layout-overlay{opacity:0.30;}@media all and (max-width: 1024px){.kb-row-layout-id458_377e71-8d > .kt-row-column-wrap{grid-template-columns:minmax(0, 1fr);}}@media all and (max-width: 767px){.kb-row-layout-id458_377e71-8d > .kt-row-column-wrap{grid-template-columns:minmax(0, 1fr);}}<\/style><div class=\"kb-row-layout-wrap kb-row-layout-id458_377e71-8d alignnone wp-block-kadence-rowlayout\"><div class=\"kt-row-column-wrap kt-has-1-columns kt-row-layout-equal kt-tab-layout-inherit kt-mobile-layout-row kt-row-valign-top\">\n<style>.kadence-column458_7def33-98 > .kt-inside-inner-col,.kadence-column458_7def33-98 > .kt-inside-inner-col:before{border-top-left-radius:0px;border-top-right-radius:0px;border-bottom-right-radius:0px;border-bottom-left-radius:0px;}.kadence-column458_7def33-98 > .kt-inside-inner-col{column-gap:var(--global-kb-gap-sm, 1rem);}.kadence-column458_7def33-98 > .kt-inside-inner-col{flex-direction:column;}.kadence-column458_7def33-98 > .kt-inside-inner-col > .aligncenter{width:100%;}.kadence-column458_7def33-98 > .kt-inside-inner-col:before{opacity:0.3;}.kadence-column458_7def33-98{position:relative;}@media all and (max-width: 1024px){.kadence-column458_7def33-98 > .kt-inside-inner-col{flex-direction:column;justify-content:center;}}@media all and (max-width: 767px){.kadence-column458_7def33-98 > .kt-inside-inner-col{flex-direction:column;justify-content:center;}}<\/style>\n<div class=\"wp-block-kadence-column kadence-column458_7def33-98\"><div class=\"kt-inside-inner-col\">\n<h2 class=\"wp-block-heading\">1. Objecte<\/h2>\n\n\n\n<p>Aquestes condicions generals d&#039;\u00fas i venda (d&#039;ara endavant les \u00abCondicions Generals\u00bb) tenen com a finalitat regular tota utilitzaci\u00f3 que es faci de la p\u00e0gina web www.orienthaispa.com (d&#039;ara endavant el Lloc Web). El prove\u00efdor dels articles oferts \u00e9s Orienthai Spa, domicili social Carrer de les Tres Creus 115, 08202 Sabadell, Barcelona (Espanya) (d&#039;ara endavant \u00abOrienthai Spa\u00bb). Per fer cerques de productes i veure&#039;n les caracter\u00edstiques, no \u00e9s necessari complir cap requisit previ addicional als indicats per a cada cas en particular. No obstant aix\u00f2, per fer compres per mitj\u00e0 del Lloc Web s&#039;aconsella la creaci\u00f3 d&#039;un compte (d&#039;ara endavant el Compte) que atorgar\u00e0 la condici\u00f3 de client (d&#039;ara endavant el Client) a l&#039;usuari del Lloc Web. Per crear aquest Compte n&#039;hi haur\u00e0 prou amb punxar a l&#039;enlla\u00e7 El meu compte que apareix a la p\u00e0gina principal del Lloc Web, i seguir les instruccions que s&#039;indiquen per a la creaci\u00f3 del mateix compte (veure privadesa i protecci\u00f3 de dades). Un cop creat el Compte, l&#039;usuari del Lloc Web adquirir\u00e0 la condici\u00f3 de Client d&#039;Orienthai Spa, comptant amb un nom d&#039;usuari i una contrasenya per tenir acc\u00e9s al Lloc Web.<br>L&#039;\u00fas del nom d&#039;usuari i la contrasenya abans esmentada \u00e9s personal i intransferible, i no est\u00e0 permesa la cessi\u00f3, ni tan sols temporal, dels mateixos a tercers. En aquest sentit, el Client es compromet a fer-ne un \u00fas diligent i mantenir-los protegits del coneixement de tercers, assumint tota responsabilitat que pugui derivar-se de la seva revelaci\u00f3, i exonerant-la a Orienthai Spa. En cas que un Client tingui algun tipus de sospita en relaci\u00f3 amb l&#039;\u00fas del seu nom d&#039;usuari i contrasenya per un tercer, haur\u00e0 de procedir immediatament a la modificaci\u00f3 de la contrasenya seguint els tr\u00e0mits establerts al Lloc Web.<\/p>\n\n\n\n<h2 class=\"wp-block-heading\">2. Acceptaci\u00f3<\/h2>\n\n\n\n<p>Amb el simple acc\u00e9s al Lloc Web, vost\u00e8 \u00e9s considerat \u00abUsuari\u00bb del mateix i accepta aquestes Condicions Generals, obligant-se a complir amb el que s&#039;estableix aqu\u00ed. Aix\u00ed mateix s&#039;informa que Orienthai Spa es reserva el dret de modificar la presentaci\u00f3 i configuraci\u00f3 del Lloc Web, aix\u00ed com aquestes Condicions Generals en qualsevol moment, per la qual cosa se&#039;n recomana la lectura amb car\u00e0cter previ a cada utilitzaci\u00f3 del Lloc Web.<\/p>\n\n\n\n<h2 class=\"wp-block-heading\">3. Utilitzaci\u00f3 correcta del Lloc Web.<\/h2>\n\n\n\n<p>Els Usuaris s&#039;obliguen a fer un \u00fas diligent, correcte i l\u00edcit del Lloc Web i, en particular, a t\u00edtol merament enunciatiu i sense que la intenci\u00f3 sigui la de fer una llista taxativa, es comprometen a abstenir-se de:<\/p>\n\n\n\n<ul class=\"wp-block-list\">\n<li>Utilitzar el Lloc Web de forma, amb fins o efectes contraris a la llei, la moral, els bons costums i lordre p\u00fablic;<\/li>\n\n\n\n<li>Reproduir o copiar, distribuir, permetre l&#039;acc\u00e9s del p\u00fablic a trav\u00e9s de qualsevol mitj\u00e0 de comunicaci\u00f3, transformar o modificar el contingut del Lloc Web, tret que estigui legalment perm\u00e8s o que es compti amb la pr\u00e8via autoritzaci\u00f3 del titular dels drets que en q\u00fcesti\u00f3 es vegin afectats;<\/li>\n\n\n\n<li>Realitzar qualsevol acte que consisteixi en una vulneraci\u00f3 dels drets de propietat intel\u00b7lectual o industrial pertanyents a Orienthai Spa<br>oa tercers;<\/li>\n\n\n\n<li>Emprar tant el Lloc Web com la informaci\u00f3 obtinguda a trav\u00e9s del mateix per publicitar o comerciar amb fins de venda directa o amb qualsevol altra classe de finalitat ja sigui comercial o no;<\/li>\n<\/ul>\n\n\n\n<p>Els Usuaris respondran pels danys i perjudicis de qualsevol tipus, causats tant a Orienthai Spa com a qualsevol tercer, amb motiu de l&#039;incompliment de les obligacions anteriorment exposades aix\u00ed com qualssevol altres incloses a les Condicions Generals oa la legislaci\u00f3 en vigor que resulti aplicable a la mat\u00e8ria.<\/p>\n\n\n\n<p>Orienthai Spa vetllar\u00e0 en tot moment pel compliment de l&#039;ordenament jur\u00eddic en vigor, i estar\u00e0 legitimat tant per interrompre els serveis subministrats a trav\u00e9s del Lloc Web com per ordenar l&#039;eliminaci\u00f3 d&#039;un Compte en cas que arribi al seu coneixement la presumpta comissi\u00f3 de delictes o faltes tipificats al Codi Penal. Aix\u00ed mateix Orienthai Spa es troba legitimat per adoptar qualsevol altra mesura en relaci\u00f3 a les conductes que al seu parer resultin contr\u00e0ries a les presents Condicions Generals, la Llei, la moral, l&#039;ordre p\u00fablic, les normes establertes per Orienthai Spa i\/o els seus col\u00b7laboradors o puguin pertorbar el bon funcionament, imatge, credibilitat i\/o prestigi de Orienthai Spa i\/o els seus col\u00b7laboradors.<\/p>\n\n\n\n<h2 class=\"wp-block-heading\">4. Drets de propietat<\/h2>\n\n\n\n<p>Queda prohibit l&#039;\u00fas amb finalitats comercials, aix\u00ed com la distribuci\u00f3, modificaci\u00f3 o alteraci\u00f3 del contingut del Lloc Web (textos, gr\u00e0fics, fotografies, logotips, icones, imatges) aix\u00ed com del disseny gr\u00e0fic, codi font i programari, siguin aquests de l&#039;exclusiva propietat d&#039;Orienthai Spa, com a leg\u00edtim titular dels mateixos, o siguin de titularitat de tercers sobre els quals Orienthai Spa ostenti un altre tipus de drets o llic\u00e8ncia d&#039;\u00fas, producte d&#039;una relaci\u00f3 contractual amb els seus leg\u00edtims titulars.<\/p>\n\n\n\n<p>Qualsevol comunicaci\u00f3 enviada a Orienthai Spa per qualsevol dels mitjans establerts aqu\u00ed, pot ser emprada per Orienthai Spa, qui podr\u00e0 reproduir-la, distribuir-la, difondre-la p\u00fablicament, transformar-la, aix\u00ed com exercir qualsevol altre dret d&#039;explotaci\u00f3 sobre aquesta.<\/p>\n\n\n\n<p>Davant de qualsevol incompliment dels drets de propietat intel\u00b7lectual o industrial, els usuaris del Lloc Web podran adre\u00e7ar les seves reclamacions a la seg\u00fcent adre\u00e7a de correu electr\u00f2nic: info@orienthaispa.com<\/p>\n\n\n\n<h2 class=\"wp-block-heading\">5. Relaci\u00f3 contractual i condicions generals de venda<\/h2>\n\n\n\n<p>La relaci\u00f3 contractual entre Orienthai Spa i el Client que tindr\u00e0 lloc per mitj\u00e0 del Lloc Web es considera com una compra venda per via electr\u00f2nica i es regular\u00e0 pel que preveuen aquestes Condicions Generals i la normativa espanyola que resulti aplicable a la mat\u00e8ria.<a><\/a><\/p>\n\n\n\n<h3 class=\"wp-block-heading\"><strong>5.1 Objecte<\/strong><\/h3>\n\n\n\n<p>L&#039;objecte de la relaci\u00f3 contractual entre Orienthai Spa i el Client ser\u00e0 la compra i venda de suplements alimentaris oferts al Lloc Web. Les caracter\u00edstiques dels productes oferts s\u00f3n les que figuren en aquesta p\u00e0gina web i s&#039;obtenen punxant a la icona corresponent a cada article, corresponent sempre amb les caracter\u00edstiques ressenyades pel fabricant.<\/p>\n\n\n\n<h3 class=\"wp-block-heading\"><strong>5.2 Preus<\/strong><\/h3>\n\n\n\n<p id=\"pagolink\">Els preus dels articles figuren en euros i tenen lIVA incl\u00f2s.<\/p>\n\n\n\n<h3 class=\"wp-block-heading\" id=\"pago\"><strong>5.3 Formes de pagament<\/strong><\/h3>\n\n\n\n<p>El pagament dels articles podr\u00e0 realitzar-se per algun dels mitjans seg\u00fcents:<\/p>\n\n\n\n<h4 class=\"wp-block-heading\">TARGETA DE CR\u00c8DIT o D\u00c8BIT<\/h4>\n\n\n\n<p>Els pagaments es fan a trav\u00e9s d&#039;una passarel\u00b7la de pagament proporcionada per Redsys. Les dades de la teva targeta no es recopilen per part de Orienthai Spa ni cap sistema accessori i viatgen sempre encriptades.<\/p>\n\n\n\n<p>El pagament mitjan\u00e7ant targeta no deur\u00e0 despeses afegides.<\/p>\n\n\n\n<h4 class=\"wp-block-heading\">PAYPAL<\/h4>\n\n\n\n<p>Paga les compres de forma r\u00e0pida, amb total seguretat i sense comissions. Es pot pagar mitjan\u00e7ant un compte PayPal o amb targeta de cr\u00e8dit o d\u00e8bit.<\/p>\n\n\n\n<p>Aquest m\u00e8tode de pagament t\u00e9 un rec\u00e0rrec de 3% sobre el valor total de la compra.<\/p>\n\n\n\n<h4 class=\"wp-block-heading\">TRANSFER\u00c8NCIA BANC\u00c0RIA<\/h4>\n\n\n\n<p>El pagament es realitzar\u00e0 amb l&#039;import i el n\u00famero de compte que figurin al correu electr\u00f2nic que es lliurar\u00e0 al client una vegada finalitzada la comanda.<\/p>\n\n\n\n<p>Aquest proc\u00e9s pot endarrerir el lliurament de la comanda fins que no es verifiqui que la transfer\u00e8ncia banc\u00e0ria ha estat efectuada correctament.<\/p>\n\n\n\n<p>Els m\u00e8todes de pagament \u00abTargeta de cr\u00e8dit o d\u00e8bit\u00bb, \u00abPayPal\u00bb i \u00abTransfer\u00e8ncia Banc\u00e0ria\u00bb estaran subjectes a comprovacions i autoritzacions per part de les entitats emissores, per\u00f2 si el pagament no \u00e9s autoritzat, la comanda podr\u00e0 ser desestimada.<\/p>\n\n\n\n<p>El pagament de la comanda realitzada haur\u00e0 de fer-se per algun dels mitjans indicats anteriorment. La falta de pagament per avan\u00e7at al n\u00famero de compte indicat quan s&#039;hagi optat el pagament per transfer\u00e8ncia banc\u00e0ria, aix\u00ed com l&#039;\u00fas fraudulent de la targeta de cr\u00e8dit o la denegaci\u00f3 de l&#039;operaci\u00f3 de cobrament, donar\u00e0 dret a Orienthai Spa, a no tramitar o lliurar la comanda, sense perjudici d&#039;exigir la indemnitzaci\u00f3 dels danys i perjudicis produ\u00efts.<\/p>\n\n\n\n<h3 class=\"wp-block-heading\"><strong>5.4 Lliurament de comandes<\/strong><\/h3>\n\n\n\n<p>Despr\u00e9s de completar el proc\u00e9s de compra, Orienthai Spa enviar\u00e0 un correu electr\u00f2nic al correu electr\u00f2nic facilitat pel Client confirmant la recepci\u00f3 de la comanda.<\/p>\n\n\n\n<p>Orienthai Spa es reserva el dret de rebutjar qualsevol comanda en el cas que el\/els producte\/s sol\u00b7licitat\/s no es trobi\/n disponible\/es, en aquest cas, es far\u00e0 constar a trav\u00e9s de correu electr\u00f2nic aquells Producte\/s no disponible \/s.<a><\/a><\/p>\n\n\n\n<h3 class=\"wp-block-heading\" id=\"condiciones\"><strong>5.5 Condicions d\u00fas dels bons<\/strong><\/h3>\n\n\n\n<h4 class=\"wp-block-heading\">Reserva i condicions de cancel\u00b7laci\u00f3<\/h4>\n\n\n\n<p>Per utilitzar un abonament el beneficiari haur\u00e0 de posar-se en contacte amb nosaltres per correu electr\u00f2nic (info@orienthaispa.com), per tel\u00e8fon al 93 624 81 62, o f\u00edsicament al nostre establiment del carrer de les Tres Creus 115 de Sabadell (Barcelona \u2013 Espanya) ).<br>Com a garantia de la vostra reserva us demanarem el n\u00famero de bo que comen\u00e7a amb el codi \u00abBONOWEB-\u2026\u00bb.<\/p>\n\n\n\n<p>El bo regal es considera una forma de pagament. El dia se la cita el client haur\u00e0 de presentar el bo regal (ja sigui amb un impr\u00e8s o ensenyant-lo via electr\u00f2nica).<\/p>\n\n\n\n<p>Per fer una modificaci\u00f3 o anul\u00b7laci\u00f3 de la reserva cal avisar amb un m\u00ednim de 24 hores d&#039;antelaci\u00f3. Si no fos aix\u00ed el bo quedaria com a consumit.<\/p>\n\n\n\n<p>Les reserves es podran donar per consumides en cas que arribis m\u00e9s de 15 minuts tard a la cita sense haver avisat pr\u00e8viament al centre.<\/p>\n\n\n\n<h4 class=\"wp-block-heading\">Validesa del bo<\/h4>\n\n\n\n<p>El bo t\u00e9 una valesa de 12 mesos des de la data de compra. Un cop caducat el bo regal perd el seu valor.<\/p>\n\n\n\n<h4 class=\"wp-block-heading\">Import del bo<\/h4>\n\n\n\n<p>El bo es considera un import en tractaments de Orienthai Spa. Si el beneficiari vol modificar o ampliar el tractament, ho pot fer, avisant-nos en el moment de fer la reserva.<\/p>\n\n\n\n<p>En cas d&#039;optar per un tractament amb valor superior a l&#039;import del bo, cal abonar la difer\u00e8ncia corresponent el dia de la cita.<\/p>\n\n\n\n<p>En cas d&#039;optar per un tractament amb valor inferior a l&#039;import del bo, es perdr\u00e0 el valor de la difer\u00e8ncia.<\/p>\n\n\n\n<h3 class=\"wp-block-heading\"><strong>5.6 Termini de validesa de loferta<\/strong><\/h3>\n\n\n\n<p>Els preus i condicions exposats al Lloc Web s\u00f3n v\u00e0lids en cada moment, i tenen vig\u00e8ncia \u00fanicament a la sessi\u00f3 oberta.<\/p>\n\n\n\n<h3 class=\"wp-block-heading\"><strong>5.7 Arxiu i acc\u00e9s a la informaci\u00f3<\/strong><\/h3>\n\n\n\n<p>La informaci\u00f3 introdu\u00efda pel Client en el moment de fer la compravenda al Lloc Web d&#039;Orienthai Spa, ser\u00e0 emmagatzemada per Orienthai Spa per a la tramitaci\u00f3 de l&#039;enviament de la comanda. El Client no tindr\u00e0 acc\u00e9s a la informaci\u00f3 introdu\u00efda una vegada s&#039;hagi enviat el formulari de compra, de manera que en cas que vulgui modificar alguna dada referent a alguna comanda en particular i no pugui fer-ho a la secci\u00f3 \u201cEl meu compte\u201d de la web , haur\u00e0 de sol\u00b7licitar-ho enviant un correu electr\u00f2nic a info@orienthaispa.com.<\/p>\n\n\n\n<h3 class=\"wp-block-heading\"><strong>5.8 Devolucions<\/strong><\/h3>\n\n\n\n<p>No s&#039;accepten devolucions, per\u00f2 els tractaments es podran canviar per un altre tractament o producte, previ av\u00eds al centre.<\/p>\n\n\n\n<h2 class=\"wp-block-heading\">6. Llei aplicable i fur<\/h2>\n\n\n\n<p>Aquestes condicions generals es regeixen per la llei espanyola. Les parts se sotmeten, a la seva elecci\u00f3, per a la resoluci\u00f3 dels conflictes i amb ren\u00fancia a qualsevol altre fur, als jutjats i tribunals del domicili de l&#039;usuari quan aquest estigui a Espanya.<\/p>\n\n\n\n<p>Aquestes condicions generals es regeixen i s&#039;interpretaran d&#039;acord amb la legislaci\u00f3 espanyola en all\u00f2 que no estigui expressament establert. En cas d&#039;usuaris amb domicili fora del territori espanyol, les parts, amb ren\u00fancia de forma expressa a qualsevol altre f\u00f2rum que els pogu\u00e9s correspondre, se sotmetran a la jurisdicci\u00f3 i compet\u00e8ncia dels tribunals de la ciutat de Barcelona per a la resoluci\u00f3 de qualsevol q\u00fcesti\u00f3 que pogu\u00e9s suscitar-se en relaci\u00f3 amb aquestes.<\/p>\n<\/div><\/div>\n\n<\/div><\/div>","protected":false},"excerpt":{"rendered":"<p>1. Objecte Les presents condicions generals d&#039;\u00fas i venda (d&#039;ara endavant les \u00abCondicions Generals\u00bb) tenen com a finalitat regular tota utilitzaci\u00f3 que es faci de la p\u00e0gina web www.orienthaispa.com (d&#039;ara endavant el Lloc Web). El prove\u00efdor dels articles oferts \u00e9s Orienthai Spa, domicili social Carrer de les Tres Creus 115, 08202 Sabadell, Barcelona (Espanya) (a\u2026<\/p>","protected":false},"author":2,"featured_media":0,"parent":0,"menu_order":71,"comment_status":"closed","ping_status":"closed","template":"","meta":{"_kad_blocks_custom_css":"","_kad_blocks_head_custom_js":"","_kad_blocks_body_custom_js":"","_kad_blocks_footer_custom_js":"","_kad_post_transparent":"","_kad_post_title":"","_kad_post_layout":"","_kad_post_sidebar_id":"","_kad_post_content_style":"","_kad_post_vertical_padding":"","_kad_post_feature":"","_kad_post_feature_position":"","_kad_post_header":false,"_kad_post_footer":false,"_kad_post_classname":"","_joinchat":[],"footnotes":""},"class_list":["post-458","page","type-page","status-publish","hentry"],"yoast_head":"<!-- This site is optimized with the Yoast SEO plugin v27.5 - https:\/\/yoast.com\/product\/yoast-seo-wordpress\/ -->\n<title>Pol\u00edtica de devoluciones y reembolsos - Orienthai Spa<\/title>\n<meta name=\"robots\" content=\"noindex, follow, max-snippet:-1, max-image-preview:large, max-video-preview:-1\" \/>\n<meta property=\"og:locale\" content=\"ca_ES\" \/>\n<meta property=\"og:type\" content=\"article\" \/>\n<meta property=\"og:title\" content=\"Pol\u00edtica de devoluciones y reembolsos - Orienthai Spa\" \/>\n<meta property=\"og:description\" content=\"1. Objeto Las presentes condiciones generales de uso y venta (en adelante las \u00abCondiciones Generales\u00bb) tienen como finalidad regular toda utilizaci\u00f3n que se haga de la p\u00e1gina web www.orienthaispa.com (en adelante el \u00abSitio Web\u00bb).&nbsp;El proveedor de los art\u00edculos ofertados es Orienthai Spa, domicilio social Calle de les Tres Creus 115, 08202 Sabadell, Barcelona (Espa\u00f1a) (en...\" \/>\n<meta property=\"og:url\" content=\"https:\/\/orienthaispa.provesonlinevalles.com\/ca\/reembolso_devoluciones\/\" \/>\n<meta property=\"og:site_name\" content=\"Orienthai Spa\" \/>\n<meta property=\"article:modified_time\" content=\"2023-09-29T08:38:21+00:00\" \/>\n<meta name=\"twitter:card\" content=\"summary_large_image\" \/>\n<meta name=\"twitter:label1\" content=\"Temps estimat de lectura\" \/>\n\t<meta name=\"twitter:data1\" content=\"10 minuts\" \/>\n<script type=\"application\/ld+json\" class=\"yoast-schema-graph\">{\"@context\":\"https:\\\/\\\/schema.org\",\"@graph\":[{\"@type\":\"WebPage\",\"@id\":\"https:\\\/\\\/orienthaispa.provesonlinevalles.com\\\/reembolso_devoluciones\\\/\",\"url\":\"https:\\\/\\\/orienthaispa.provesonlinevalles.com\\\/reembolso_devoluciones\\\/\",\"name\":\"Pol\u00edtica de devoluciones y reembolsos - Orienthai Spa\",\"isPartOf\":{\"@id\":\"https:\\\/\\\/orienthaispa.provesonlinevalles.com\\\/#website\"},\"datePublished\":\"2023-04-04T07:25:21+00:00\",\"dateModified\":\"2023-09-29T08:38:21+00:00\",\"breadcrumb\":{\"@id\":\"https:\\\/\\\/orienthaispa.provesonlinevalles.com\\\/reembolso_devoluciones\\\/#breadcrumb\"},\"inLanguage\":\"ca\",\"potentialAction\":[{\"@type\":\"ReadAction\",\"target\":[\"https:\\\/\\\/orienthaispa.provesonlinevalles.com\\\/reembolso_devoluciones\\\/\"]}]},{\"@type\":\"BreadcrumbList\",\"@id\":\"https:\\\/\\\/orienthaispa.provesonlinevalles.com\\\/reembolso_devoluciones\\\/#breadcrumb\",\"itemListElement\":[{\"@type\":\"ListItem\",\"position\":1,\"name\":\"Portada\",\"item\":\"https:\\\/\\\/orienthaispa.provesonlinevalles.com\\\/\"},{\"@type\":\"ListItem\",\"position\":2,\"name\":\"Pol\u00edtica de devoluciones y reembolsos\"}]},{\"@type\":\"WebSite\",\"@id\":\"https:\\\/\\\/orienthaispa.provesonlinevalles.com\\\/#website\",\"url\":\"https:\\\/\\\/orienthaispa.provesonlinevalles.com\\\/\",\"name\":\"Orienthai Spa\",\"description\":\"Centro de Masajes Tailandeses y Spa en Sabadell\",\"publisher\":{\"@id\":\"https:\\\/\\\/orienthaispa.provesonlinevalles.com\\\/#organization\"},\"potentialAction\":[{\"@type\":\"SearchAction\",\"target\":{\"@type\":\"EntryPoint\",\"urlTemplate\":\"https:\\\/\\\/orienthaispa.provesonlinevalles.com\\\/?s={search_term_string}\"},\"query-input\":{\"@type\":\"PropertyValueSpecification\",\"valueRequired\":true,\"valueName\":\"search_term_string\"}}],\"inLanguage\":\"ca\"},{\"@type\":\"Organization\",\"@id\":\"https:\\\/\\\/orienthaispa.provesonlinevalles.com\\\/#organization\",\"name\":\"Orienthai Spa\",\"url\":\"https:\\\/\\\/orienthaispa.provesonlinevalles.com\\\/\",\"logo\":{\"@type\":\"ImageObject\",\"inLanguage\":\"ca\",\"@id\":\"https:\\\/\\\/orienthaispa.provesonlinevalles.com\\\/#\\\/schema\\\/logo\\\/image\\\/\",\"url\":\"https:\\\/\\\/orienthaispa.provesonlinevalles.com\\\/wp-content\\\/uploads\\\/2023\\\/03\\\/logo-orienthai-spa-300.png\",\"contentUrl\":\"https:\\\/\\\/orienthaispa.provesonlinevalles.com\\\/wp-content\\\/uploads\\\/2023\\\/03\\\/logo-orienthai-spa-300.png\",\"width\":300,\"height\":116,\"caption\":\"Orienthai Spa\"},\"image\":{\"@id\":\"https:\\\/\\\/orienthaispa.provesonlinevalles.com\\\/#\\\/schema\\\/logo\\\/image\\\/\"}}]}<\/script>\n<!-- \/ Yoast SEO plugin. -->","yoast_head_json":{"title":"Pol\u00edtica de devoluciones y reembolsos - Orienthai Spa","robots":{"index":"noindex","follow":"follow","max-snippet":"max-snippet:-1","max-image-preview":"max-image-preview:large","max-video-preview":"max-video-preview:-1"},"og_locale":"ca_ES","og_type":"article","og_title":"Pol\u00edtica de devoluciones y reembolsos - Orienthai Spa","og_description":"1. Objeto Las presentes condiciones generales de uso y venta (en adelante las \u00abCondiciones Generales\u00bb) tienen como finalidad regular toda utilizaci\u00f3n que se haga de la p\u00e1gina web www.orienthaispa.com (en adelante el \u00abSitio Web\u00bb).&nbsp;El proveedor de los art\u00edculos ofertados es Orienthai Spa, domicilio social Calle de les Tres Creus 115, 08202 Sabadell, Barcelona (Espa\u00f1a) (en...","og_url":"https:\/\/orienthaispa.provesonlinevalles.com\/ca\/reembolso_devoluciones\/","og_site_name":"Orienthai Spa","article_modified_time":"2023-09-29T08:38:21+00:00","twitter_card":"summary_large_image","twitter_misc":{"Temps estimat de lectura":"10 minuts"},"schema":{"@context":"https:\/\/schema.org","@graph":[{"@type":"WebPage","@id":"https:\/\/orienthaispa.provesonlinevalles.com\/reembolso_devoluciones\/","url":"https:\/\/orienthaispa.provesonlinevalles.com\/reembolso_devoluciones\/","name":"Pol\u00edtica de devoluciones y reembolsos - Orienthai Spa","isPartOf":{"@id":"https:\/\/orienthaispa.provesonlinevalles.com\/#website"},"datePublished":"2023-04-04T07:25:21+00:00","dateModified":"2023-09-29T08:38:21+00:00","breadcrumb":{"@id":"https:\/\/orienthaispa.provesonlinevalles.com\/reembolso_devoluciones\/#breadcrumb"},"inLanguage":"ca","potentialAction":[{"@type":"ReadAction","target":["https:\/\/orienthaispa.provesonlinevalles.com\/reembolso_devoluciones\/"]}]},{"@type":"BreadcrumbList","@id":"https:\/\/orienthaispa.provesonlinevalles.com\/reembolso_devoluciones\/#breadcrumb","itemListElement":[{"@type":"ListItem","position":1,"name":"Portada","item":"https:\/\/orienthaispa.provesonlinevalles.com\/"},{"@type":"ListItem","position":2,"name":"Pol\u00edtica de devoluciones y reembolsos"}]},{"@type":"WebSite","@id":"https:\/\/orienthaispa.provesonlinevalles.com\/#website","url":"https:\/\/orienthaispa.provesonlinevalles.com\/","name":"Orienthai Spa","description":"Centre de Massatges Tailandesos i Spa a Sabadell","publisher":{"@id":"https:\/\/orienthaispa.provesonlinevalles.com\/#organization"},"potentialAction":[{"@type":"SearchAction","target":{"@type":"EntryPoint","urlTemplate":"https:\/\/orienthaispa.provesonlinevalles.com\/?s={search_term_string}"},"query-input":{"@type":"PropertyValueSpecification","valueRequired":true,"valueName":"search_term_string"}}],"inLanguage":"ca"},{"@type":"Organization","@id":"https:\/\/orienthaispa.provesonlinevalles.com\/#organization","name":"Orienthai Spa","url":"https:\/\/orienthaispa.provesonlinevalles.com\/","logo":{"@type":"ImageObject","inLanguage":"ca","@id":"https:\/\/orienthaispa.provesonlinevalles.com\/#\/schema\/logo\/image\/","url":"https:\/\/orienthaispa.provesonlinevalles.com\/wp-content\/uploads\/2023\/03\/logo-orienthai-spa-300.png","contentUrl":"https:\/\/orienthaispa.provesonlinevalles.com\/wp-content\/uploads\/2023\/03\/logo-orienthai-spa-300.png","width":300,"height":116,"caption":"Orienthai Spa"},"image":{"@id":"https:\/\/orienthaispa.provesonlinevalles.com\/#\/schema\/logo\/image\/"}}]}},"taxonomy_info":[],"featured_image_src_large":false,"author_info":{"display_name":"soporte","author_link":"https:\/\/orienthaispa.provesonlinevalles.com\/ca\/author\/soporte\/"},"comment_info":0,"_links":{"self":[{"href":"https:\/\/orienthaispa.provesonlinevalles.com\/ca\/wp-json\/wp\/v2\/pages\/458","targetHints":{"allow":["GET"]}}],"collection":[{"href":"https:\/\/orienthaispa.provesonlinevalles.com\/ca\/wp-json\/wp\/v2\/pages"}],"about":[{"href":"https:\/\/orienthaispa.provesonlinevalles.com\/ca\/wp-json\/wp\/v2\/types\/page"}],"author":[{"embeddable":true,"href":"https:\/\/orienthaispa.provesonlinevalles.com\/ca\/wp-json\/wp\/v2\/users\/2"}],"replies":[{"embeddable":true,"href":"https:\/\/orienthaispa.provesonlinevalles.com\/ca\/wp-json\/wp\/v2\/comments?post=458"}],"version-history":[{"count":0,"href":"https:\/\/orienthaispa.provesonlinevalles.com\/ca\/wp-json\/wp\/v2\/pages\/458\/revisions"}],"wp:attachment":[{"href":"https:\/\/orienthaispa.provesonlinevalles.com\/ca\/wp-json\/wp\/v2\/media?parent=458"}],"curies":[{"name":"wp","href":"https:\/\/api.w.org\/{rel}","templated":true}]}}