{"id":434,"date":"2023-03-23T09:24:45","date_gmt":"2023-03-23T09:24:45","guid":{"rendered":"https:\/\/orienthaispa.provesonlinevalles.com\/?page_id=434"},"modified":"2023-04-21T07:02:12","modified_gmt":"2023-04-21T07:02:12","slug":"declaracion-de-accesibilidad","status":"publish","type":"page","link":"https:\/\/orienthaispa.provesonlinevalles.com\/ca\/declaracion-de-accesibilidad\/","title":{"rendered":"Accessibilitat"},"content":{"rendered":"<style>.kb-row-layout-id_a63ac0-02 > .kt-row-column-wrap{align-content:start;}:where(.kb-row-layout-id_a63ac0-02 > .kt-row-column-wrap) > .wp-block-kadence-column{justify-content:start;}.kb-row-layout-id_a63ac0-02 > .kt-row-column-wrap{column-gap:var(--global-kb-gap-md, 2rem);row-gap:var(--global-kb-gap-md, 2rem);max-width:var( --global-content-width, 1290px );padding-left:var(--global-content-edge-padding);padding-right:var(--global-content-edge-padding);padding-top:var(--global-kb-spacing-sm, 1.5rem);padding-bottom:var(--global-kb-spacing-sm, 1.5rem);grid-template-columns:minmax(0, 1fr);}.kb-row-layout-id_a63ac0-02 > .kt-row-layout-overlay{opacity:0.60;}@media all and (max-width: 1024px){.kb-row-layout-id_a63ac0-02 > .kt-row-column-wrap{grid-template-columns:minmax(0, 1fr);}}@media all and (max-width: 767px){.kb-row-layout-id_a63ac0-02 > .kt-row-column-wrap{grid-template-columns:minmax(0, 1fr);}}<\/style><div class=\"kb-row-layout-wrap kb-row-layout-id_a63ac0-02 alignnone kt-row-has-bg wp-block-kadence-rowlayout\"><div class=\"kt-row-column-wrap kt-has-1-columns kt-row-layout-equal kt-tab-layout-inherit kt-mobile-layout-row kt-row-valign-top kb-theme-content-width\">\n<style>.kadence-column_e835e1-fe > .kt-inside-inner-col,.kadence-column_e835e1-fe > .kt-inside-inner-col:before{border-top-left-radius:0px;border-top-right-radius:0px;border-bottom-right-radius:0px;border-bottom-left-radius:0px;}.kadence-column_e835e1-fe > .kt-inside-inner-col{column-gap:var(--global-kb-gap-sm, 1rem);}.kadence-column_e835e1-fe > .kt-inside-inner-col{flex-direction:column;}.kadence-column_e835e1-fe > .kt-inside-inner-col > .aligncenter{width:100%;}.kadence-column_e835e1-fe > .kt-inside-inner-col:before{opacity:0.3;}.kadence-column_e835e1-fe{position:relative;}@media all and (max-width: 1024px){.kadence-column_e835e1-fe > .kt-inside-inner-col{flex-direction:column;justify-content:center;}}@media all and (max-width: 767px){.kadence-column_e835e1-fe > .kt-inside-inner-col{flex-direction:column;justify-content:center;}}<\/style>\n<div class=\"wp-block-kadence-column kadence-column_e835e1-fe\"><div class=\"kt-inside-inner-col\"><style>.wp-block-kadence-advancedheading.kt-adv-heading_66a916-f2, .wp-block-kadence-advancedheading.kt-adv-heading_66a916-f2[data-kb-block=\"kb-adv-heading_66a916-f2\"]{text-align:center;font-size:var(--global-kb-font-size-xl, 3rem);font-style:normal;}.wp-block-kadence-advancedheading.kt-adv-heading_66a916-f2 mark.kt-highlight, .wp-block-kadence-advancedheading.kt-adv-heading_66a916-f2[data-kb-block=\"kb-adv-heading_66a916-f2\"] mark.kt-highlight{font-style:normal;color:#f76a0c;-webkit-box-decoration-break:clone;box-decoration-break:clone;padding-top:0px;padding-right:0px;padding-bottom:0px;padding-left:0px;}.wp-block-kadence-advancedheading.kt-adv-heading_66a916-f2 img.kb-inline-image, .wp-block-kadence-advancedheading.kt-adv-heading_66a916-f2[data-kb-block=\"kb-adv-heading_66a916-f2\"] img.kb-inline-image{width:150px;vertical-align:baseline;}<\/style>\n<h1 class=\"kt-adv-heading_66a916-f2 wp-block-kadence-advancedheading\" data-kb-block=\"kb-adv-heading_66a916-f2\">Accesibilidad web<\/h1>\n<\/div><\/div>\n\n<\/div><\/div>\n\n<style>.kb-row-layout-id_7105c0-d7 > .kt-row-column-wrap{align-content:start;}:where(.kb-row-layout-id_7105c0-d7 > .kt-row-column-wrap) > .wp-block-kadence-column{justify-content:start;}.kb-row-layout-id_7105c0-d7 > .kt-row-column-wrap{column-gap:var(--global-kb-gap-md, 2rem);row-gap:var(--global-kb-gap-md, 2rem);max-width:800px;margin-left:auto;margin-right:auto;padding-top:var(--global-kb-spacing-sm, 1.5rem);padding-right:var(--global-kb-spacing-sm, 1.5rem);padding-bottom:var(--global-kb-spacing-sm, 1.5rem);padding-left:var(--global-kb-spacing-sm, 1.5rem);grid-template-columns:minmax(0, 1fr);}.kb-row-layout-id_7105c0-d7 > .kt-row-layout-overlay{opacity:0.30;}@media all and (max-width: 1024px){.kb-row-layout-id_7105c0-d7 > .kt-row-column-wrap{grid-template-columns:minmax(0, 1fr);}}@media all and (max-width: 767px){.kb-row-layout-id_7105c0-d7 > .kt-row-column-wrap{grid-template-columns:minmax(0, 1fr);}}<\/style><div class=\"kb-row-layout-wrap kb-row-layout-id_7105c0-d7 alignnone wp-block-kadence-rowlayout\"><div class=\"kt-row-column-wrap kt-has-1-columns kt-row-layout-equal kt-tab-layout-inherit kt-mobile-layout-row kt-row-valign-top\">\n<style>.kadence-column_1a428f-f3 > .kt-inside-inner-col,.kadence-column_1a428f-f3 > .kt-inside-inner-col:before{border-top-left-radius:0px;border-top-right-radius:0px;border-bottom-right-radius:0px;border-bottom-left-radius:0px;}.kadence-column_1a428f-f3 > .kt-inside-inner-col{column-gap:var(--global-kb-gap-sm, 1rem);}.kadence-column_1a428f-f3 > .kt-inside-inner-col{flex-direction:column;}.kadence-column_1a428f-f3 > .kt-inside-inner-col > .aligncenter{width:100%;}.kadence-column_1a428f-f3 > .kt-inside-inner-col:before{opacity:0.3;}.kadence-column_1a428f-f3{position:relative;}@media all and (max-width: 1024px){.kadence-column_1a428f-f3 > .kt-inside-inner-col{flex-direction:column;justify-content:center;}}@media all and (max-width: 767px){.kadence-column_1a428f-f3 > .kt-inside-inner-col{flex-direction:column;justify-content:center;}}<\/style>\n<div class=\"wp-block-kadence-column kadence-column_1a428f-f3\"><div class=\"kt-inside-inner-col\">\n<h2 class=\"wp-block-heading has-medium-font-size\">Prefacio<\/h2>\n\n\n\n<p>Online Vall\u00e9s se ha comprometido a hacer que la informaci\u00f3n, los programas y las actividades de sus webs sean accesibles para el mayor n\u00famero posible de usuarios, de conformidad con el Real decreto 1112\/2018, de 7 de septiembre, sobre la accesibilidad de los sitios web y aplicaciones para dispositivos m\u00f3viles del sector p\u00fablico.<\/p>\n\n\n\n<h2 class=\"wp-block-heading has-medium-font-size\">Situaci\u00f3n de cumplimiento<\/h2>\n\n\n\n<p>Esta web es parcialmente conforme con el Real decreto 1112\/2018, de 7 de septiembre, a causa de las excepciones y de la falta de conformidad de algunos aspectos que se indican a continuaci\u00f3n.<\/p>\n\n\n\n<h2 class=\"wp-block-heading has-medium-font-size\">Actuaciones realizadas<\/h2>\n\n\n\n<p>Para conseguir este objetivo la Online Vall\u00e9s se ha basado en el cumplimiento de las Pautas de accesibilidad para el contenido web 2.1&nbsp;establecidas por el World Wide Web Consortium (W3C).<\/p>\n\n\n\n<p>Algunas de las funcionalidades implementadas en la web para permitir la accesibilidad de los contenidos son:<\/p>\n\n\n\n<ul class=\"wp-block-list\">\n<li>El c\u00f3digo HTML y CSS utilizado se ajusta a las gram\u00e1ticas formales para garantizar una visualizaci\u00f3n correcta de los contenidos en diferentes navegadores.<\/li>\n\n\n\n<li>Hemos implementado, al inicio de cada p\u00e1gina, un apartado que permite saltar directamente a las secciones accesibles a trav\u00e9s del teclado o de lectores de pantalla que permiten navegar directamente a la secci\u00f3n de inter\u00e9s.<\/li>\n\n\n\n<li>Las p\u00e1ginas tienen una estructura clara, con encabezados en cada secci\u00f3n que permiten desplazarse directamente a la secci\u00f3n de inter\u00e9s.<\/li>\n\n\n\n<li>El tama\u00f1o de la letra se ha definido con unidades relativas a fin de que se pueda ampliar o disminuir el tama\u00f1o desde las opciones del navegador. Se puede ampliar el tama\u00f1o del texto hasta el 300 % sin que el texto quede cortado.<\/li>\n\n\n\n<li>Se puede navegar por la mayor\u00eda de la web con el teclado.<\/li>\n\n\n\n<li>Se puede navegar por la mayor\u00eda de la web con un lector de pantalla.<\/li>\n<\/ul>\n\n\n\n<h2 class=\"wp-block-heading has-medium-font-size\">Contenido no accesible<\/h2>\n\n\n\n<p>Puede ser que algunos contenidos concretos de la web no cumplan los requisitos estipulados en el Real decreto 1112\/2018 como consecuencia de errores de edici\u00f3n en alguna p\u00e1gina web, tanto en contenidos HTML como en documentos finales.<\/p>\n\n\n\n<p>Con respecto al contenido dentro del \u00e1mbito de la legislaci\u00f3n aplicable, puede haber archivos ofim\u00e1ticos en PDF u en otros formatos publicados que no cumplan la totalidad de los requisitos de accesibilidad:<\/p>\n\n\n\n<ul class=\"wp-block-list\">\n<li>Algunas p\u00e1ginas y documentos adjuntos no est\u00e1n escritos de manera clara.<\/li>\n\n\n\n<li>Algunas tablas no tienen fila de cabecera.<\/li>\n\n\n\n<li>Algunas p\u00e1ginas tienen un contraste de color insuficiente.<\/li>\n\n\n\n<li>Algunos encabezamientos no son consistentes.<\/li>\n\n\n\n<li>Algunas im\u00e1genes no tienen texto alternativo.<\/li>\n<\/ul>\n\n\n\n<h2 class=\"wp-block-heading has-medium-font-size\">Preparaci\u00f3n de la presente declaraci\u00f3n de accesibilidad<\/h2>\n\n\n\n<p>El m\u00e9todo utilizado ha sido una autoevaluaci\u00f3n realizada por Online Vall\u00e9s. Por otra parte, est\u00e1 previsto que haya una evaluaci\u00f3n externa.<\/p>\n\n\n\n<h2 class=\"wp-block-heading has-medium-font-size\">Observaciones y datos de contacto<\/h2>\n\n\n\n<p>Nos pod\u00e9is hacer llegar incidencias sobre requisitos de accesibilidad (art\u00edculo 10.2.a) del Real decreto 1112\/2018, de 7 de septiembre como por ejemplo:<\/p>\n\n\n\n<ul class=\"wp-block-list\">\n<li>Informar sobre cualquier posible incumplimiento en esta web.<\/li>\n\n\n\n<li>Transmitir dificultades de acceso al contenido.<\/li>\n\n\n\n<li>Formular cualquier consulta o sugerencia de mejora relativas a la accesibilidad de la web.<\/li>\n<\/ul>\n\n\n\n<p>Las comunicaciones las recibe la Unidad de Web del \u00c1rea de Comunicaci\u00f3n y Promoci\u00f3n de Online Vall\u00e9s, la cual las traslada a quien corresponda.<\/p>\n\n\n\n<p>Se&nbsp;pueden presentar quejas y sugerencias (art\u00edculo&nbsp;12 del Reial Decreto 1112\/2018, de 7 de septiembre),&nbsp;a trav\u00e9s del&nbsp;<a href=\"\/contacto\" target=\"_blank\" rel=\"noreferrer noopener\">formulario de \u201cConsultas, sugerencias y quejas\u201d<\/a><a rel=\"noreferrer noopener\" href=\"https:\/\/seuelectronica.uab.cat\/consultas-sugerencias-y\/o-quejas\" target=\"_blank\">&nbsp;<\/a>&nbsp;o bien presencialmente en el Registro General.<\/p>\n\n\n\n<h2 class=\"wp-block-heading has-medium-font-size\">Como pedir contenido en un formato accesible<\/h2>\n\n\n\n<p>Si se necesita informaci\u00f3n en un formato diferente, se puede contactar con nosotros a trav\u00e9s del correo e indicar:<\/p>\n\n\n\n<ul class=\"wp-block-list\">\n<li>Nombre y correo electr\u00f3nico.<\/li>\n\n\n\n<li>La URL donde est\u00e1 el contenido.<\/li>\n\n\n\n<li>El formato en el que se necesita la informaci\u00f3n.<\/li>\n<\/ul>\n\n\n\n<h2 class=\"wp-block-heading has-medium-font-size\">Procedimiento de aplicaci\u00f3n<\/h2>\n\n\n\n<p>En el caso en que la respuesta a la solicitud de informaci\u00f3n accesible o queja haya&nbsp;estado&nbsp;desestimada, no se estuviera&nbsp;de acuerdo con&nbsp;la decisi\u00f3n adoptada o la respuesta no cumpla con los requisitos contemplados en la normativa vigente, la persona interesada podr\u00e1&nbsp;iniciar una reclamaci\u00f3n seg\u00fan establece el articulo 13 del RD 1112\/2018, la cual se&nbsp;dirigir\u00e1&nbsp;delante la Unidad de Web.<\/p>\n\n\n\n<h2 class=\"wp-block-heading has-medium-font-size\">Contenido opcional<\/h2>\n\n\n\n<p>Seguimos haciendo trabajos de auditor\u00eda y consultor\u00eda para adecuar las posibles disconformidades y conseguir una accesibilidad plena en la web que permita su uso a cualquier persona, independientemente de sus capacidades.<\/p>\n\n\n\n<h2 class=\"wp-block-heading has-medium-font-size\">El compromiso de Online Vall\u00e9s por la accesibilidad<\/h2>\n\n\n\n<p>La web se ha construido con el \u00e1nimo de facilitar el acceso universal a todas las personas que lo consultan, independientemente de sus capacidades f\u00edsicas, sensoriales o intelectuales y del contexto t\u00e9cnico de uso con que lo hacen (tipo de dispositivo, software, velocidad de la conexi\u00f3n, condiciones ambientales, etc.).<\/p>\n\n\n\n<p>Por todo eso se trabaja con el objetivo de adaptar toda la web a las recomendaciones del World Wide Web Consortium (W3C) y eliminar las barreras que dificultan el acceso a la informaci\u00f3n y la comunicaci\u00f3n. Estas recomendaciones se concretan en las pautas de accesibilidad de la web WCAG 2.1. El compromiso de Online Vall\u00e9s es llegar a cumplir el nivel de conformidad Doble-A (AA), tal como exigen a las administraciones p\u00fablicas las legislaciones europea y estatal.<\/p>\n\n\n\n<p>La Directiva (UE) 2016\/2102 del Parlamento Europeo y del Consejo, de 26 de octubre de 2016, establece las normas que se exigen a los estados miembros a fin de que todas las webs y aplicaciones m\u00f3viles del sector p\u00fablico, independientemente del dispositivo utilizado para acceder a ellas, cumplan los requisitos de accesibilidad que se recogen en la norma EN 301 549 v2.1.2 (de agosto de 2018), de requisitos de accesibilidad adecuados para la contrataci\u00f3n p\u00fablica de productos y servicios TIC en Europa.<\/p>\n\n\n\n<p>La norma EN 301 549 v2.1.2 se basa, principalmente, en las Web Content Accessibility Guidelines (WCAG) 2.1, de agosto de 2018. No obstante, la norma tambi\u00e9n tiene otros requisitos adicionales, obligatorios y condicionales.<\/p>\n\n\n\n<p>La directiva es de obligado cumplimiento, pero no es directamente aplicable, por eso a nivel estatal se ha desarrollado el Real decreto 1112\/2018, de 7 de septiembre, sobre accesibilidad de los lugares webs y aplicaciones para dispositivos m\u00f3viles del sector p\u00fablico, que desarrolla el alcance y los requisitos m\u00ednimos.<\/p>\n\n\n\n<h2 class=\"wp-block-heading has-medium-font-size\">Contenido opcional<\/h2>\n\n\n\n<p>Este portal esta dise\u00f1ado para poder cambiar el tama\u00f1o del texto y el color, as\u00ed&nbsp;como el fondo de la pagina mediante las opciones de configuraci\u00f3n est\u00e1ndar de los navegadores.<\/p>\n\n\n\n<p>Si desea cambiar el tama\u00f1o de letra del texto en los principales navegadores gr\u00e1ficos utilice los siguientes men\u00fas:<\/p>\n\n\n\n<ul class=\"wp-block-list\">\n<li>Internet Explorer, Mozilla y Firefox: Ver &gt; Tama\u00f1o del texto<\/li>\n\n\n\n<li>Opera: Ver &gt; Zoom<\/li>\n\n\n\n<li>Safari: Ver &gt; Hacer el texto mas grande<\/li>\n\n\n\n<li>Chrome: Controla la pagina actual &gt; Tama\u00f1o del texto<\/li>\n\n\n\n<li>Para modificar el tama\u00f1o de todo en la pagina:\n<ul class=\"wp-block-list\">\n<li>Ctrl + + para aumentarlo<\/li>\n\n\n\n<li>Ctrl + \u2013 para disminuirlo<\/li>\n\n\n\n<li>Ctrl + 0 restaura el tama\u00f1o original del texto<\/li>\n\n\n\n<li>Si lo que quiere es anular la hoja de estilos o modificar el color del texto, puede consultar la pagina&nbsp;How to Change Text Size or Colors&nbsp;de la WAI, que se puede leer traducida al espa\u00f1ol en \u00bfC\u00f3mo cambiar el tama\u00f1o del texto o colores?<\/li>\n<\/ul>\n<\/li>\n<\/ul>\n<\/div><\/div>\n\n<\/div><\/div>\n\n<style>.kb-row-layout-wrap.wp-block-kadence-rowlayout.kb-row-layout-id_c95542-99{margin-top:var(--global-kb-spacing-md, 2rem);}.kb-row-layout-id_c95542-99 > .kt-row-column-wrap{align-content:start;}:where(.kb-row-layout-id_c95542-99 > .kt-row-column-wrap) > .wp-block-kadence-column{justify-content:start;}.kb-row-layout-id_c95542-99 > .kt-row-column-wrap{column-gap:var(--global-kb-gap-md, 2rem);row-gap:var(--global-kb-gap-md, 2rem);max-width:var( --global-content-width, 1290px );padding-left:var(--global-content-edge-padding);padding-right:var(--global-content-edge-padding);padding-top:var(--global-kb-spacing-sm, 1.5rem);padding-bottom:var(--global-kb-spacing-sm, 1.5rem);min-height:150px;grid-template-columns:minmax(0, 1fr);}.kb-row-layout-id_c95542-99{background-image:url('https:\/\/orienthaispa.provesonlinevalles.com\/wp-content\/uploads\/2023\/03\/packs-spa-280.jpg');background-size:cover;background-position:center center;background-attachment:fixed;background-repeat:no-repeat;}.kb-row-layout-id_c95542-99 > .kt-row-layout-overlay{opacity:0.60;}@media all and (max-width: 1024px), only screen and (min-device-width: 1024px) and (max-device-width: 1366px) and (-webkit-min-device-pixel-ratio: 2) and (hover: none){.kb-row-layout-id_c95542-99{background-attachment:scroll;}}@media all and (max-width: 1024px){.kb-row-layout-id_c95542-99 > .kt-row-column-wrap{grid-template-columns:minmax(0, 1fr);}}@media all and (max-width: 767px){.kb-row-layout-id_c95542-99 > .kt-row-column-wrap{grid-template-columns:minmax(0, 1fr);}}<\/style><div class=\"kb-row-layout-wrap kb-row-layout-id_c95542-99 alignnone has-theme-palette4-background-color kt-row-has-bg wp-block-kadence-rowlayout\"><div class=\"kt-row-column-wrap kt-has-1-columns kt-row-layout-equal kt-tab-layout-inherit kt-mobile-layout-row kt-row-valign-top kb-theme-content-width\">\n<style>.kadence-column_ea468d-e5 > .kt-inside-inner-col,.kadence-column_ea468d-e5 > .kt-inside-inner-col:before{border-top-left-radius:0px;border-top-right-radius:0px;border-bottom-right-radius:0px;border-bottom-left-radius:0px;}.kadence-column_ea468d-e5 > .kt-inside-inner-col{column-gap:var(--global-kb-gap-sm, 1rem);}.kadence-column_ea468d-e5 > .kt-inside-inner-col{flex-direction:column;}.kadence-column_ea468d-e5 > .kt-inside-inner-col > .aligncenter{width:100%;}.kadence-column_ea468d-e5 > .kt-inside-inner-col:before{opacity:0.3;}.kadence-column_ea468d-e5{position:relative;}@media all and (max-width: 1024px){.kadence-column_ea468d-e5 > .kt-inside-inner-col{flex-direction:column;justify-content:center;}}@media all and (max-width: 767px){.kadence-column_ea468d-e5 > .kt-inside-inner-col{flex-direction:column;justify-content:center;}}<\/style>\n<div class=\"wp-block-kadence-column kadence-column_ea468d-e5\"><div class=\"kt-inside-inner-col\"><\/div><\/div>\n\n<\/div><\/div>","protected":false},"excerpt":{"rendered":"<p>Accessibilitat web Prefacio Online Vall\u00e9s s&#039;ha comprom\u00e8s a fer que la informaci\u00f3, els programes i les activitats dels seus webs siguin accessibles per al m\u00e0xim nombre possible d&#039;usuaris, de conformitat amb el Reial decret 1112\/2018, de 7 de setembre, sobre l&#039;accessibilitat dels llocs web i aplicacions per a dispositius m\u00f2bils del sector\u2026<\/p>","protected":false},"author":2,"featured_media":0,"parent":0,"menu_order":5,"comment_status":"closed","ping_status":"closed","template":"","meta":{"_kad_blocks_custom_css":"","_kad_blocks_head_custom_js":"","_kad_blocks_body_custom_js":"","_kad_blocks_footer_custom_js":"","_kad_post_transparent":"","_kad_post_title":"hide","_kad_post_layout":"fullwidth","_kad_post_sidebar_id":"","_kad_post_content_style":"unboxed","_kad_post_vertical_padding":"","_kad_post_feature":"","_kad_post_feature_position":"","_kad_post_header":false,"_kad_post_footer":false,"_kad_post_classname":"","_joinchat":[],"footnotes":""},"class_list":["post-434","page","type-page","status-publish","hentry"],"yoast_head":"<!-- This site is optimized with the Yoast SEO plugin v27.5 - https:\/\/yoast.com\/product\/yoast-seo-wordpress\/ -->\n<title>Declaraci\u00f3n de accesibilidad Orienthai Spa<\/title>\n<meta name=\"robots\" content=\"noindex, follow, max-snippet:-1, max-image-preview:large, max-video-preview:-1\" \/>\n<meta property=\"og:locale\" content=\"ca_ES\" \/>\n<meta property=\"og:type\" content=\"article\" \/>\n<meta property=\"og:title\" content=\"Declaraci\u00f3n de accesibilidad Orienthai Spa\" \/>\n<meta property=\"og:description\" content=\"Accesibilidad web Prefacio Online Vall\u00e9s se ha comprometido a hacer que la informaci\u00f3n, los programas y las actividades de sus webs sean accesibles para el mayor n\u00famero posible de usuarios, de conformidad con el Real decreto 1112\/2018, de 7 de septiembre, sobre la accesibilidad de los sitios web y aplicaciones para dispositivos m\u00f3viles del sector...\" \/>\n<meta property=\"og:url\" content=\"https:\/\/orienthaispa.provesonlinevalles.com\/ca\/declaracion-de-accesibilidad\/\" \/>\n<meta property=\"og:site_name\" content=\"Orienthai Spa\" \/>\n<meta property=\"article:modified_time\" content=\"2023-04-21T07:02:12+00:00\" \/>\n<meta name=\"twitter:card\" content=\"summary_large_image\" \/>\n<meta name=\"twitter:label1\" content=\"Temps estimat de lectura\" \/>\n\t<meta name=\"twitter:data1\" content=\"6 minuts\" \/>\n<script type=\"application\/ld+json\" class=\"yoast-schema-graph\">{\"@context\":\"https:\\\/\\\/schema.org\",\"@graph\":[{\"@type\":\"WebPage\",\"@id\":\"https:\\\/\\\/orienthaispa.provesonlinevalles.com\\\/declaracion-de-accesibilidad\\\/\",\"url\":\"https:\\\/\\\/orienthaispa.provesonlinevalles.com\\\/declaracion-de-accesibilidad\\\/\",\"name\":\"Declaraci\u00f3n de accesibilidad Orienthai Spa\",\"isPartOf\":{\"@id\":\"https:\\\/\\\/orienthaispa.provesonlinevalles.com\\\/#website\"},\"datePublished\":\"2023-03-23T09:24:45+00:00\",\"dateModified\":\"2023-04-21T07:02:12+00:00\",\"breadcrumb\":{\"@id\":\"https:\\\/\\\/orienthaispa.provesonlinevalles.com\\\/declaracion-de-accesibilidad\\\/#breadcrumb\"},\"inLanguage\":\"ca\",\"potentialAction\":[{\"@type\":\"ReadAction\",\"target\":[\"https:\\\/\\\/orienthaispa.provesonlinevalles.com\\\/declaracion-de-accesibilidad\\\/\"]}]},{\"@type\":\"BreadcrumbList\",\"@id\":\"https:\\\/\\\/orienthaispa.provesonlinevalles.com\\\/declaracion-de-accesibilidad\\\/#breadcrumb\",\"itemListElement\":[{\"@type\":\"ListItem\",\"position\":1,\"name\":\"Portada\",\"item\":\"https:\\\/\\\/orienthaispa.provesonlinevalles.com\\\/\"},{\"@type\":\"ListItem\",\"position\":2,\"name\":\"Accesibilidad\"}]},{\"@type\":\"WebSite\",\"@id\":\"https:\\\/\\\/orienthaispa.provesonlinevalles.com\\\/#website\",\"url\":\"https:\\\/\\\/orienthaispa.provesonlinevalles.com\\\/\",\"name\":\"Orienthai Spa\",\"description\":\"Centro de Masajes Tailandeses y Spa en Sabadell\",\"publisher\":{\"@id\":\"https:\\\/\\\/orienthaispa.provesonlinevalles.com\\\/#organization\"},\"potentialAction\":[{\"@type\":\"SearchAction\",\"target\":{\"@type\":\"EntryPoint\",\"urlTemplate\":\"https:\\\/\\\/orienthaispa.provesonlinevalles.com\\\/?s={search_term_string}\"},\"query-input\":{\"@type\":\"PropertyValueSpecification\",\"valueRequired\":true,\"valueName\":\"search_term_string\"}}],\"inLanguage\":\"ca\"},{\"@type\":\"Organization\",\"@id\":\"https:\\\/\\\/orienthaispa.provesonlinevalles.com\\\/#organization\",\"name\":\"Orienthai Spa\",\"url\":\"https:\\\/\\\/orienthaispa.provesonlinevalles.com\\\/\",\"logo\":{\"@type\":\"ImageObject\",\"inLanguage\":\"ca\",\"@id\":\"https:\\\/\\\/orienthaispa.provesonlinevalles.com\\\/#\\\/schema\\\/logo\\\/image\\\/\",\"url\":\"https:\\\/\\\/orienthaispa.provesonlinevalles.com\\\/wp-content\\\/uploads\\\/2023\\\/03\\\/logo-orienthai-spa-300.png\",\"contentUrl\":\"https:\\\/\\\/orienthaispa.provesonlinevalles.com\\\/wp-content\\\/uploads\\\/2023\\\/03\\\/logo-orienthai-spa-300.png\",\"width\":300,\"height\":116,\"caption\":\"Orienthai Spa\"},\"image\":{\"@id\":\"https:\\\/\\\/orienthaispa.provesonlinevalles.com\\\/#\\\/schema\\\/logo\\\/image\\\/\"}}]}<\/script>\n<!-- \/ Yoast SEO plugin. -->","yoast_head_json":{"title":"Declaraci\u00f3n de accesibilidad Orienthai Spa","robots":{"index":"noindex","follow":"follow","max-snippet":"max-snippet:-1","max-image-preview":"max-image-preview:large","max-video-preview":"max-video-preview:-1"},"og_locale":"ca_ES","og_type":"article","og_title":"Declaraci\u00f3n de accesibilidad Orienthai Spa","og_description":"Accesibilidad web Prefacio Online Vall\u00e9s se ha comprometido a hacer que la informaci\u00f3n, los programas y las actividades de sus webs sean accesibles para el mayor n\u00famero posible de usuarios, de conformidad con el Real decreto 1112\/2018, de 7 de septiembre, sobre la accesibilidad de los sitios web y aplicaciones para dispositivos m\u00f3viles del sector...","og_url":"https:\/\/orienthaispa.provesonlinevalles.com\/ca\/declaracion-de-accesibilidad\/","og_site_name":"Orienthai Spa","article_modified_time":"2023-04-21T07:02:12+00:00","twitter_card":"summary_large_image","twitter_misc":{"Temps estimat de lectura":"6 minuts"},"schema":{"@context":"https:\/\/schema.org","@graph":[{"@type":"WebPage","@id":"https:\/\/orienthaispa.provesonlinevalles.com\/declaracion-de-accesibilidad\/","url":"https:\/\/orienthaispa.provesonlinevalles.com\/declaracion-de-accesibilidad\/","name":"Declaraci\u00f3n de accesibilidad Orienthai Spa","isPartOf":{"@id":"https:\/\/orienthaispa.provesonlinevalles.com\/#website"},"datePublished":"2023-03-23T09:24:45+00:00","dateModified":"2023-04-21T07:02:12+00:00","breadcrumb":{"@id":"https:\/\/orienthaispa.provesonlinevalles.com\/declaracion-de-accesibilidad\/#breadcrumb"},"inLanguage":"ca","potentialAction":[{"@type":"ReadAction","target":["https:\/\/orienthaispa.provesonlinevalles.com\/declaracion-de-accesibilidad\/"]}]},{"@type":"BreadcrumbList","@id":"https:\/\/orienthaispa.provesonlinevalles.com\/declaracion-de-accesibilidad\/#breadcrumb","itemListElement":[{"@type":"ListItem","position":1,"name":"Portada","item":"https:\/\/orienthaispa.provesonlinevalles.com\/"},{"@type":"ListItem","position":2,"name":"Accesibilidad"}]},{"@type":"WebSite","@id":"https:\/\/orienthaispa.provesonlinevalles.com\/#website","url":"https:\/\/orienthaispa.provesonlinevalles.com\/","name":"Orienthai Spa","description":"Centre de Massatges Tailandesos i Spa a Sabadell","publisher":{"@id":"https:\/\/orienthaispa.provesonlinevalles.com\/#organization"},"potentialAction":[{"@type":"SearchAction","target":{"@type":"EntryPoint","urlTemplate":"https:\/\/orienthaispa.provesonlinevalles.com\/?s={search_term_string}"},"query-input":{"@type":"PropertyValueSpecification","valueRequired":true,"valueName":"search_term_string"}}],"inLanguage":"ca"},{"@type":"Organization","@id":"https:\/\/orienthaispa.provesonlinevalles.com\/#organization","name":"Orienthai Spa","url":"https:\/\/orienthaispa.provesonlinevalles.com\/","logo":{"@type":"ImageObject","inLanguage":"ca","@id":"https:\/\/orienthaispa.provesonlinevalles.com\/#\/schema\/logo\/image\/","url":"https:\/\/orienthaispa.provesonlinevalles.com\/wp-content\/uploads\/2023\/03\/logo-orienthai-spa-300.png","contentUrl":"https:\/\/orienthaispa.provesonlinevalles.com\/wp-content\/uploads\/2023\/03\/logo-orienthai-spa-300.png","width":300,"height":116,"caption":"Orienthai Spa"},"image":{"@id":"https:\/\/orienthaispa.provesonlinevalles.com\/#\/schema\/logo\/image\/"}}]}},"taxonomy_info":[],"featured_image_src_large":false,"author_info":{"display_name":"soporte","author_link":"https:\/\/orienthaispa.provesonlinevalles.com\/ca\/author\/soporte\/"},"comment_info":0,"_links":{"self":[{"href":"https:\/\/orienthaispa.provesonlinevalles.com\/ca\/wp-json\/wp\/v2\/pages\/434","targetHints":{"allow":["GET"]}}],"collection":[{"href":"https:\/\/orienthaispa.provesonlinevalles.com\/ca\/wp-json\/wp\/v2\/pages"}],"about":[{"href":"https:\/\/orienthaispa.provesonlinevalles.com\/ca\/wp-json\/wp\/v2\/types\/page"}],"author":[{"embeddable":true,"href":"https:\/\/orienthaispa.provesonlinevalles.com\/ca\/wp-json\/wp\/v2\/users\/2"}],"replies":[{"embeddable":true,"href":"https:\/\/orienthaispa.provesonlinevalles.com\/ca\/wp-json\/wp\/v2\/comments?post=434"}],"version-history":[{"count":0,"href":"https:\/\/orienthaispa.provesonlinevalles.com\/ca\/wp-json\/wp\/v2\/pages\/434\/revisions"}],"wp:attachment":[{"href":"https:\/\/orienthaispa.provesonlinevalles.com\/ca\/wp-json\/wp\/v2\/media?parent=434"}],"curies":[{"name":"wp","href":"https:\/\/api.w.org\/{rel}","templated":true}]}}